{"id":6,"date":"2020-06-19T10:42:03","date_gmt":"2020-06-19T10:42:03","guid":{"rendered":"http:\/\/sitelerpvcdograma.com\/?page_id=6"},"modified":"2020-06-19T10:42:03","modified_gmt":"2020-06-19T10:42:03","slug":"iletisim","status":"publish","type":"page","link":"https:\/\/sitelerpvcdograma.com\/?page_id=6","title":{"rendered":"\u0130leti\u015fim"},"content":{"rendered":"","protected":false},"excerpt":{"rendered":"","protected":false},"author":1,"featured_media":0,"parent":0,"menu_order":0,"comment_status":"closed","ping_status":"closed","template":"pages\/page-contact.php","meta":[],"yoast_head":"<!-- This site is optimized with the Yoast SEO plugin v18.0 - https:\/\/yoast.com\/wordpress\/plugins\/seo\/ -->\n<title>\u0130leti\u015fim - \u00d6zkanlar Grup Pvc<\/title>\n<meta name=\"robots\" content=\"index, follow, max-snippet:-1, max-image-preview:large, max-video-preview:-1\" \/>\n<link rel=\"canonical\" href=\"https:\/\/sitelerpvcdograma.com\/?page_id=6\" \/>\n<meta property=\"og:locale\" content=\"tr_TR\" \/>\n<meta property=\"og:type\" content=\"article\" \/>\n<meta property=\"og:title\" content=\"\u0130leti\u015fim - \u00d6zkanlar Grup Pvc\" \/>\n<meta property=\"og:url\" content=\"https:\/\/sitelerpvcdograma.com\/?page_id=6\" \/>\n<meta property=\"og:site_name\" content=\"\u00d6zkanlar Grup Pvc\" \/>\n<meta name=\"twitter:card\" content=\"summary_large_image\" \/>\n<script type=\"application\/ld+json\" class=\"yoast-schema-graph\">{\"@context\":\"https:\/\/schema.org\",\"@graph\":[{\"@type\":\"WebSite\",\"@id\":\"https:\/\/sitelerpvcdograma.com\/#website\",\"url\":\"https:\/\/sitelerpvcdograma.com\/\",\"name\":\"\u00d6zkanlar Grup Pvc\",\"description\":\"\",\"potentialAction\":[{\"@type\":\"SearchAction\",\"target\":{\"@type\":\"EntryPoint\",\"urlTemplate\":\"https:\/\/sitelerpvcdograma.com\/?s={search_term_string}\"},\"query-input\":\"required name=search_term_string\"}],\"inLanguage\":\"tr\"},{\"@type\":\"WebPage\",\"@id\":\"https:\/\/sitelerpvcdograma.com\/?page_id=6#webpage\",\"url\":\"https:\/\/sitelerpvcdograma.com\/?page_id=6\",\"name\":\"\u0130leti\u015fim - \u00d6zkanlar Grup Pvc\",\"isPartOf\":{\"@id\":\"https:\/\/sitelerpvcdograma.com\/#website\"},\"datePublished\":\"2020-06-19T10:42:03+00:00\",\"dateModified\":\"2020-06-19T10:42:03+00:00\",\"breadcrumb\":{\"@id\":\"https:\/\/sitelerpvcdograma.com\/?page_id=6#breadcrumb\"},\"inLanguage\":\"tr\",\"potentialAction\":[{\"@type\":\"ReadAction\",\"target\":[\"https:\/\/sitelerpvcdograma.com\/?page_id=6\"]}]},{\"@type\":\"BreadcrumbList\",\"@id\":\"https:\/\/sitelerpvcdograma.com\/?page_id=6#breadcrumb\",\"itemListElement\":[{\"@type\":\"ListItem\",\"position\":1,\"name\":\"Ana sayfa\",\"item\":\"https:\/\/sitelerpvcdograma.com\/\"},{\"@type\":\"ListItem\",\"position\":2,\"name\":\"\u0130leti\u015fim\"}]}]}<\/script>\n<!-- \/ Yoast SEO plugin. -->","yoast_head_json":{"title":"\u0130leti\u015fim - \u00d6zkanlar Grup Pvc","robots":{"index":"index","follow":"follow","max-snippet":"max-snippet:-1","max-image-preview":"max-image-preview:large","max-video-preview":"max-video-preview:-1"},"canonical":"https:\/\/sitelerpvcdograma.com\/?page_id=6","og_locale":"tr_TR","og_type":"article","og_title":"\u0130leti\u015fim - \u00d6zkanlar Grup Pvc","og_url":"https:\/\/sitelerpvcdograma.com\/?page_id=6","og_site_name":"\u00d6zkanlar Grup Pvc","twitter_card":"summary_large_image","schema":{"@context":"https:\/\/schema.org","@graph":[{"@type":"WebSite","@id":"https:\/\/sitelerpvcdograma.com\/#website","url":"https:\/\/sitelerpvcdograma.com\/","name":"\u00d6zkanlar Grup Pvc","description":"","potentialAction":[{"@type":"SearchAction","target":{"@type":"EntryPoint","urlTemplate":"https:\/\/sitelerpvcdograma.com\/?s={search_term_string}"},"query-input":"required name=search_term_string"}],"inLanguage":"tr"},{"@type":"WebPage","@id":"https:\/\/sitelerpvcdograma.com\/?page_id=6#webpage","url":"https:\/\/sitelerpvcdograma.com\/?page_id=6","name":"\u0130leti\u015fim - \u00d6zkanlar Grup Pvc","isPartOf":{"@id":"https:\/\/sitelerpvcdograma.com\/#website"},"datePublished":"2020-06-19T10:42:03+00:00","dateModified":"2020-06-19T10:42:03+00:00","breadcrumb":{"@id":"https:\/\/sitelerpvcdograma.com\/?page_id=6#breadcrumb"},"inLanguage":"tr","potentialAction":[{"@type":"ReadAction","target":["https:\/\/sitelerpvcdograma.com\/?page_id=6"]}]},{"@type":"BreadcrumbList","@id":"https:\/\/sitelerpvcdograma.com\/?page_id=6#breadcrumb","itemListElement":[{"@type":"ListItem","position":1,"name":"Ana sayfa","item":"https:\/\/sitelerpvcdograma.com\/"},{"@type":"ListItem","position":2,"name":"\u0130leti\u015fim"}]}]}},"_links":{"self":[{"href":"https:\/\/sitelerpvcdograma.com\/index.php?rest_route=\/wp\/v2\/pages\/6"}],"collection":[{"href":"https:\/\/sitelerpvcdograma.com\/index.php?rest_route=\/wp\/v2\/pages"}],"about":[{"href":"https:\/\/sitelerpvcdograma.com\/index.php?rest_route=\/wp\/v2\/types\/page"}],"author":[{"embeddable":true,"href":"https:\/\/sitelerpvcdograma.com\/index.php?rest_route=\/wp\/v2\/users\/1"}],"replies":[{"embeddable":true,"href":"https:\/\/sitelerpvcdograma.com\/index.php?rest_route=%2Fwp%2Fv2%2Fcomments&post=6"}],"version-history":[{"count":0,"href":"https:\/\/sitelerpvcdograma.com\/index.php?rest_route=\/wp\/v2\/pages\/6\/revisions"}],"wp:attachment":[{"href":"https:\/\/sitelerpvcdograma.com\/index.php?rest_route=%2Fwp%2Fv2%2Fmedia&parent=6"}],"curies":[{"name":"wp","href":"https:\/\/api.w.org\/{rel}","templated":true}]}}