{"id":319,"date":"2020-06-22T09:28:19","date_gmt":"2020-06-22T09:28:19","guid":{"rendered":"http:\/\/sitelerpvcdograma.com\/?page_id=319"},"modified":"2020-07-01T11:42:41","modified_gmt":"2020-07-01T11:42:41","slug":"panjur-sistemleri","status":"publish","type":"page","link":"https:\/\/sitelerpvcdograma.com\/?page_id=319","title":{"rendered":"Panjur Sistemleri"},"content":{"rendered":"<p><a href=\"http:\/\/sitelerpvcdograma.com\/wp-content\/uploads\/2020\/06\/panjur.jpg\"><img loading=\"lazy\" class=\"size-full wp-image-302 aligncenter\" src=\"http:\/\/sitelerpvcdograma.com\/wp-content\/uploads\/2020\/06\/panjur.jpg\" alt=\"\" width=\"229\" height=\"134\" \/><\/a><\/p>\n<p>\u00d6zkanlar Grup Pvc olarak Panjur hizmeti vermekteyiz. Detayl\u0131 bilgi i\u00e7in L\u00fctfen <a href=\"http:\/\/sitelerpvcdograma.com\/?page_id=6\">\u0130leti\u015fime<\/a> Ge\u00e7iniz.<\/p>\n","protected":false},"excerpt":{"rendered":"<p>\u00d6zkanlar Grup Pvc olarak Panjur hizmeti vermekteyiz. Detayl\u0131 bilgi i\u00e7in L\u00fctfen \u0130leti\u015fime Ge\u00e7iniz.<\/p>\n","protected":false},"author":1,"featured_media":0,"parent":0,"menu_order":0,"comment_status":"closed","ping_status":"closed","template":"","meta":[],"yoast_head":"<!-- This site is optimized with the Yoast SEO plugin v18.0 - https:\/\/yoast.com\/wordpress\/plugins\/seo\/ -->\n<title>Panjur Sistemleri - \u00d6zkanlar Grup Pvc<\/title>\n<meta name=\"robots\" content=\"index, follow, max-snippet:-1, max-image-preview:large, max-video-preview:-1\" \/>\n<link rel=\"canonical\" href=\"https:\/\/sitelerpvcdograma.com\/?page_id=319\" \/>\n<meta property=\"og:locale\" content=\"tr_TR\" \/>\n<meta property=\"og:type\" content=\"article\" \/>\n<meta property=\"og:title\" content=\"Panjur Sistemleri - \u00d6zkanlar Grup Pvc\" \/>\n<meta property=\"og:description\" content=\"\u00d6zkanlar Grup Pvc olarak Panjur hizmeti vermekteyiz. Detayl\u0131 bilgi i\u00e7in L\u00fctfen \u0130leti\u015fime Ge\u00e7iniz.\" \/>\n<meta property=\"og:url\" content=\"https:\/\/sitelerpvcdograma.com\/?page_id=319\" \/>\n<meta property=\"og:site_name\" content=\"\u00d6zkanlar Grup Pvc\" \/>\n<meta property=\"article:modified_time\" content=\"2020-07-01T11:42:41+00:00\" \/>\n<meta property=\"og:image\" content=\"http:\/\/sitelerpvcdograma.com\/wp-content\/uploads\/2020\/06\/panjur.jpg\" \/>\n<meta name=\"twitter:card\" content=\"summary_large_image\" \/>\n<script type=\"application\/ld+json\" class=\"yoast-schema-graph\">{\"@context\":\"https:\/\/schema.org\",\"@graph\":[{\"@type\":\"WebSite\",\"@id\":\"https:\/\/sitelerpvcdograma.com\/#website\",\"url\":\"https:\/\/sitelerpvcdograma.com\/\",\"name\":\"\u00d6zkanlar Grup Pvc\",\"description\":\"\",\"potentialAction\":[{\"@type\":\"SearchAction\",\"target\":{\"@type\":\"EntryPoint\",\"urlTemplate\":\"https:\/\/sitelerpvcdograma.com\/?s={search_term_string}\"},\"query-input\":\"required name=search_term_string\"}],\"inLanguage\":\"tr\"},{\"@type\":\"ImageObject\",\"@id\":\"https:\/\/sitelerpvcdograma.com\/?page_id=319#primaryimage\",\"inLanguage\":\"tr\",\"url\":\"http:\/\/sitelerpvcdograma.com\/wp-content\/uploads\/2020\/06\/panjur.jpg\",\"contentUrl\":\"http:\/\/sitelerpvcdograma.com\/wp-content\/uploads\/2020\/06\/panjur.jpg\"},{\"@type\":\"WebPage\",\"@id\":\"https:\/\/sitelerpvcdograma.com\/?page_id=319#webpage\",\"url\":\"https:\/\/sitelerpvcdograma.com\/?page_id=319\",\"name\":\"Panjur Sistemleri - \u00d6zkanlar Grup Pvc\",\"isPartOf\":{\"@id\":\"https:\/\/sitelerpvcdograma.com\/#website\"},\"primaryImageOfPage\":{\"@id\":\"https:\/\/sitelerpvcdograma.com\/?page_id=319#primaryimage\"},\"datePublished\":\"2020-06-22T09:28:19+00:00\",\"dateModified\":\"2020-07-01T11:42:41+00:00\",\"breadcrumb\":{\"@id\":\"https:\/\/sitelerpvcdograma.com\/?page_id=319#breadcrumb\"},\"inLanguage\":\"tr\",\"potentialAction\":[{\"@type\":\"ReadAction\",\"target\":[\"https:\/\/sitelerpvcdograma.com\/?page_id=319\"]}]},{\"@type\":\"BreadcrumbList\",\"@id\":\"https:\/\/sitelerpvcdograma.com\/?page_id=319#breadcrumb\",\"itemListElement\":[{\"@type\":\"ListItem\",\"position\":1,\"name\":\"Ana sayfa\",\"item\":\"https:\/\/sitelerpvcdograma.com\/\"},{\"@type\":\"ListItem\",\"position\":2,\"name\":\"Panjur Sistemleri\"}]}]}<\/script>\n<!-- \/ Yoast SEO plugin. -->","yoast_head_json":{"title":"Panjur Sistemleri - \u00d6zkanlar Grup Pvc","robots":{"index":"index","follow":"follow","max-snippet":"max-snippet:-1","max-image-preview":"max-image-preview:large","max-video-preview":"max-video-preview:-1"},"canonical":"https:\/\/sitelerpvcdograma.com\/?page_id=319","og_locale":"tr_TR","og_type":"article","og_title":"Panjur Sistemleri - \u00d6zkanlar Grup Pvc","og_description":"\u00d6zkanlar Grup Pvc olarak Panjur hizmeti vermekteyiz. Detayl\u0131 bilgi i\u00e7in L\u00fctfen \u0130leti\u015fime Ge\u00e7iniz.","og_url":"https:\/\/sitelerpvcdograma.com\/?page_id=319","og_site_name":"\u00d6zkanlar Grup Pvc","article_modified_time":"2020-07-01T11:42:41+00:00","og_image":[{"url":"http:\/\/sitelerpvcdograma.com\/wp-content\/uploads\/2020\/06\/panjur.jpg"}],"twitter_card":"summary_large_image","schema":{"@context":"https:\/\/schema.org","@graph":[{"@type":"WebSite","@id":"https:\/\/sitelerpvcdograma.com\/#website","url":"https:\/\/sitelerpvcdograma.com\/","name":"\u00d6zkanlar Grup Pvc","description":"","potentialAction":[{"@type":"SearchAction","target":{"@type":"EntryPoint","urlTemplate":"https:\/\/sitelerpvcdograma.com\/?s={search_term_string}"},"query-input":"required name=search_term_string"}],"inLanguage":"tr"},{"@type":"ImageObject","@id":"https:\/\/sitelerpvcdograma.com\/?page_id=319#primaryimage","inLanguage":"tr","url":"http:\/\/sitelerpvcdograma.com\/wp-content\/uploads\/2020\/06\/panjur.jpg","contentUrl":"http:\/\/sitelerpvcdograma.com\/wp-content\/uploads\/2020\/06\/panjur.jpg"},{"@type":"WebPage","@id":"https:\/\/sitelerpvcdograma.com\/?page_id=319#webpage","url":"https:\/\/sitelerpvcdograma.com\/?page_id=319","name":"Panjur Sistemleri - \u00d6zkanlar Grup Pvc","isPartOf":{"@id":"https:\/\/sitelerpvcdograma.com\/#website"},"primaryImageOfPage":{"@id":"https:\/\/sitelerpvcdograma.com\/?page_id=319#primaryimage"},"datePublished":"2020-06-22T09:28:19+00:00","dateModified":"2020-07-01T11:42:41+00:00","breadcrumb":{"@id":"https:\/\/sitelerpvcdograma.com\/?page_id=319#breadcrumb"},"inLanguage":"tr","potentialAction":[{"@type":"ReadAction","target":["https:\/\/sitelerpvcdograma.com\/?page_id=319"]}]},{"@type":"BreadcrumbList","@id":"https:\/\/sitelerpvcdograma.com\/?page_id=319#breadcrumb","itemListElement":[{"@type":"ListItem","position":1,"name":"Ana sayfa","item":"https:\/\/sitelerpvcdograma.com\/"},{"@type":"ListItem","position":2,"name":"Panjur Sistemleri"}]}]}},"_links":{"self":[{"href":"https:\/\/sitelerpvcdograma.com\/index.php?rest_route=\/wp\/v2\/pages\/319"}],"collection":[{"href":"https:\/\/sitelerpvcdograma.com\/index.php?rest_route=\/wp\/v2\/pages"}],"about":[{"href":"https:\/\/sitelerpvcdograma.com\/index.php?rest_route=\/wp\/v2\/types\/page"}],"author":[{"embeddable":true,"href":"https:\/\/sitelerpvcdograma.com\/index.php?rest_route=\/wp\/v2\/users\/1"}],"replies":[{"embeddable":true,"href":"https:\/\/sitelerpvcdograma.com\/index.php?rest_route=%2Fwp%2Fv2%2Fcomments&post=319"}],"version-history":[{"count":3,"href":"https:\/\/sitelerpvcdograma.com\/index.php?rest_route=\/wp\/v2\/pages\/319\/revisions"}],"predecessor-version":[{"id":506,"href":"https:\/\/sitelerpvcdograma.com\/index.php?rest_route=\/wp\/v2\/pages\/319\/revisions\/506"}],"wp:attachment":[{"href":"https:\/\/sitelerpvcdograma.com\/index.php?rest_route=%2Fwp%2Fv2%2Fmedia&parent=319"}],"curies":[{"name":"wp","href":"https:\/\/api.w.org\/{rel}","templated":true}]}}