{"id":30,"date":"2020-06-19T13:23:12","date_gmt":"2020-06-19T13:23:12","guid":{"rendered":"http:\/\/sitelerpvcdograma.com\/?page_id=30"},"modified":"2020-07-01T12:05:58","modified_gmt":"2020-07-01T12:05:58","slug":"urunler","status":"publish","type":"page","link":"https:\/\/sitelerpvcdograma.com\/?page_id=30","title":{"rendered":"\u00dcr\u00fcnler"},"content":{"rendered":"\n<figure class=\"wp-block-gallery columns-3 is-cropped\"><ul class=\"blocks-gallery-grid\"><li class=\"blocks-gallery-item\"><figure><img loading=\"lazy\" width=\"162\" height=\"229\" src=\"http:\/\/sitelerpvcdograma.com\/wp-content\/uploads\/2020\/06\/atlantik750.jpg\" alt=\"\" data-id=\"33\" data-full-url=\"http:\/\/sitelerpvcdograma.com\/wp-content\/uploads\/2020\/06\/atlantik750.jpg\" data-link=\"http:\/\/sitelerpvcdograma.com\/?attachment_id=33\" class=\"wp-image-33\"\/><figcaption class=\"blocks-gallery-item__caption\"><a href=\"http:\/\/sitelerpvcdograma.com\/?page_id=189\">Atlantik 750<\/a> <\/figcaption><\/figure><\/li><li class=\"blocks-gallery-item\"><figure><img loading=\"lazy\" width=\"162\" height=\"229\" src=\"http:\/\/sitelerpvcdograma.com\/wp-content\/uploads\/2020\/06\/Atlantik-Colorado-750.png\" alt=\"\" data-id=\"34\" data-full-url=\"http:\/\/sitelerpvcdograma.com\/wp-content\/uploads\/2020\/06\/Atlantik-Colorado-750.png\" data-link=\"http:\/\/sitelerpvcdograma.com\/?attachment_id=34\" class=\"wp-image-34\"\/><figcaption class=\"blocks-gallery-item__caption\"><a href=\"http:\/\/sitelerpvcdograma.com\/?page_id=195\">Atlantik Colorado 750<\/a><\/figcaption><\/figure><\/li><li class=\"blocks-gallery-item\"><figure><img loading=\"lazy\" width=\"162\" height=\"229\" src=\"http:\/\/sitelerpvcdograma.com\/wp-content\/uploads\/2020\/06\/Atlantik790.jpg\" alt=\"\" data-id=\"37\" data-full-url=\"http:\/\/sitelerpvcdograma.com\/wp-content\/uploads\/2020\/06\/Atlantik790.jpg\" data-link=\"http:\/\/sitelerpvcdograma.com\/?attachment_id=37\" class=\"wp-image-37\"\/><figcaption class=\"blocks-gallery-item__caption\"><a href=\"http:\/\/sitelerpvcdograma.com\/?page_id=202\">Atlantik790<\/a><\/figcaption><\/figure><\/li><li class=\"blocks-gallery-item\"><figure><img loading=\"lazy\" width=\"162\" height=\"229\" src=\"http:\/\/sitelerpvcdograma.com\/wp-content\/uploads\/2020\/06\/Atlantik-777.jpg\" alt=\"\" data-id=\"36\" data-full-url=\"http:\/\/sitelerpvcdograma.com\/wp-content\/uploads\/2020\/06\/Atlantik-777.jpg\" data-link=\"http:\/\/sitelerpvcdograma.com\/?attachment_id=36\" class=\"wp-image-36\"\/><figcaption class=\"blocks-gallery-item__caption\"><a href=\"http:\/\/sitelerpvcdograma.com\/?page_id=205\">Atlantik 777<\/a><\/figcaption><\/figure><\/li><li class=\"blocks-gallery-item\"><figure><img loading=\"lazy\" width=\"162\" height=\"229\" src=\"http:\/\/sitelerpvcdograma.com\/wp-content\/uploads\/2020\/06\/Atlantik-760.png\" alt=\"\" data-id=\"35\" data-full-url=\"http:\/\/sitelerpvcdograma.com\/wp-content\/uploads\/2020\/06\/Atlantik-760.png\" data-link=\"http:\/\/sitelerpvcdograma.com\/?attachment_id=35\" class=\"wp-image-35\"\/><figcaption class=\"blocks-gallery-item__caption\"><a href=\"http:\/\/sitelerpvcdograma.com\/?page_id=208\">Atlantik 760<\/a><\/figcaption><\/figure><\/li><li class=\"blocks-gallery-item\"><figure><img loading=\"lazy\" width=\"162\" height=\"229\" src=\"http:\/\/sitelerpvcdograma.com\/wp-content\/uploads\/2020\/06\/Atlantik-Sirverline.png\" alt=\"\" data-id=\"38\" data-full-url=\"http:\/\/sitelerpvcdograma.com\/wp-content\/uploads\/2020\/06\/Atlantik-Sirverline.png\" data-link=\"http:\/\/sitelerpvcdograma.com\/?attachment_id=38\" class=\"wp-image-38\"\/><figcaption class=\"blocks-gallery-item__caption\"><a href=\"http:\/\/sitelerpvcdograma.com\/?page_id=211\">Atlantik Sirverline<\/a><\/figcaption><\/figure><\/li><li class=\"blocks-gallery-item\"><figure><img loading=\"lazy\" width=\"162\" height=\"229\" src=\"http:\/\/sitelerpvcdograma.com\/wp-content\/uploads\/2020\/06\/Pasifik-800.png\" alt=\"\" data-id=\"39\" data-full-url=\"http:\/\/sitelerpvcdograma.com\/wp-content\/uploads\/2020\/06\/Pasifik-800.png\" data-link=\"http:\/\/sitelerpvcdograma.com\/?attachment_id=39\" class=\"wp-image-39\"\/><figcaption class=\"blocks-gallery-item__caption\"><a href=\"http:\/\/sitelerpvcdograma.com\/?page_id=214\">Pasifik 800<\/a><\/figcaption><\/figure><\/li><li class=\"blocks-gallery-item\"><figure><img loading=\"lazy\" width=\"162\" height=\"229\" src=\"http:\/\/sitelerpvcdograma.com\/wp-content\/uploads\/2020\/06\/Marmara-S\u00fcrme-Serisi.png\" alt=\"\" data-id=\"41\" data-full-url=\"http:\/\/sitelerpvcdograma.com\/wp-content\/uploads\/2020\/06\/Marmara-S\u00fcrme-Serisi.png\" data-link=\"http:\/\/sitelerpvcdograma.com\/?attachment_id=41\" class=\"wp-image-41\"\/><figcaption class=\"blocks-gallery-item__caption\"><a href=\"http:\/\/sitelerpvcdograma.com\/?page_id=217\">Marmara S\u00fcrme Serisi<\/a><\/figcaption><\/figure><\/li><li class=\"blocks-gallery-item\"><figure><img loading=\"lazy\" width=\"162\" height=\"229\" src=\"http:\/\/sitelerpvcdograma.com\/wp-content\/uploads\/2020\/06\/Marmara-632.jpg\" alt=\"\" data-id=\"40\" data-full-url=\"http:\/\/sitelerpvcdograma.com\/wp-content\/uploads\/2020\/06\/Marmara-632.jpg\" data-link=\"http:\/\/sitelerpvcdograma.com\/?attachment_id=40\" class=\"wp-image-40\"\/><figcaption class=\"blocks-gallery-item__caption\"><a href=\"http:\/\/sitelerpvcdograma.com\/?page_id=220\">Marmara 632<\/a><\/figcaption><\/figure><\/li><li class=\"blocks-gallery-item\"><figure><img loading=\"lazy\" width=\"162\" height=\"229\" src=\"http:\/\/sitelerpvcdograma.com\/wp-content\/uploads\/2020\/06\/Perge-Binme.png\" alt=\"\" data-id=\"42\" data-full-url=\"http:\/\/sitelerpvcdograma.com\/wp-content\/uploads\/2020\/06\/Perge-Binme.png\" data-link=\"http:\/\/sitelerpvcdograma.com\/?attachment_id=42\" class=\"wp-image-42\"\/><figcaption class=\"blocks-gallery-item__caption\"><a href=\"http:\/\/sitelerpvcdograma.com\/?page_id=223\">Perge Binme<\/a><\/figcaption><\/figure><\/li><li class=\"blocks-gallery-item\"><figure><img loading=\"lazy\" width=\"162\" height=\"229\" src=\"http:\/\/sitelerpvcdograma.com\/wp-content\/uploads\/2020\/06\/K\u00f6r-Bahisleri.png\" alt=\"\" data-id=\"44\" data-full-url=\"http:\/\/sitelerpvcdograma.com\/wp-content\/uploads\/2020\/06\/K\u00f6r-Bahisleri.png\" data-link=\"http:\/\/sitelerpvcdograma.com\/?attachment_id=44\" class=\"wp-image-44\"\/><figcaption class=\"blocks-gallery-item__caption\"><a href=\"http:\/\/sitelerpvcdograma.com\/?page_id=226\">Colorado Panjur<\/a><\/figcaption><\/figure><\/li><li class=\"blocks-gallery-item\"><figure><img loading=\"lazy\" width=\"162\" height=\"229\" src=\"http:\/\/sitelerpvcdograma.com\/wp-content\/uploads\/2020\/06\/Colorado-Perge-S\u00fcrme-Tesisi.png\" alt=\"\" data-id=\"43\" data-full-url=\"http:\/\/sitelerpvcdograma.com\/wp-content\/uploads\/2020\/06\/Colorado-Perge-S\u00fcrme-Tesisi.png\" data-link=\"http:\/\/sitelerpvcdograma.com\/?attachment_id=43\" class=\"wp-image-43\"\/><figcaption class=\"blocks-gallery-item__caption\"><a href=\"http:\/\/sitelerpvcdograma.com\/?page_id=229\">Colorado Perge S\u00fcrme Tesisi<\/a><\/figcaption><\/figure><\/li><li class=\"blocks-gallery-item\"><figure><img loading=\"lazy\" width=\"162\" height=\"229\" src=\"http:\/\/sitelerpvcdograma.com\/wp-content\/uploads\/2020\/06\/Adopen-Colorado-Jaluzi.png\" alt=\"\" data-id=\"45\" data-full-url=\"http:\/\/sitelerpvcdograma.com\/wp-content\/uploads\/2020\/06\/Adopen-Colorado-Jaluzi.png\" data-link=\"http:\/\/sitelerpvcdograma.com\/?attachment_id=45\" class=\"wp-image-45\"\/><figcaption class=\"blocks-gallery-item__caption\"><a href=\"http:\/\/sitelerpvcdograma.com\/?page_id=232\">Adopen Colorado Jaluzi<\/a><\/figcaption><\/figure><\/li><li class=\"blocks-gallery-item\"><figure><img loading=\"lazy\" width=\"162\" height=\"229\" src=\"http:\/\/sitelerpvcdograma.com\/wp-content\/uploads\/2020\/06\/Adopen-Panjur.png\" alt=\"\" data-id=\"46\" data-full-url=\"http:\/\/sitelerpvcdograma.com\/wp-content\/uploads\/2020\/06\/Adopen-Panjur.png\" data-link=\"http:\/\/sitelerpvcdograma.com\/?attachment_id=46\" class=\"wp-image-46\"\/><figcaption class=\"blocks-gallery-item__caption\"><a href=\"http:\/\/sitelerpvcdograma.com\/?page_id=235\">Adopen Panjur<\/a><\/figcaption><\/figure><\/li><li class=\"blocks-gallery-item\"><figure><img loading=\"lazy\" width=\"162\" height=\"229\" src=\"http:\/\/sitelerpvcdograma.com\/wp-content\/uploads\/2020\/06\/penwood-750.png\" alt=\"\" data-id=\"47\" data-full-url=\"http:\/\/sitelerpvcdograma.com\/wp-content\/uploads\/2020\/06\/penwood-750.png\" data-link=\"http:\/\/sitelerpvcdograma.com\/?attachment_id=47\" class=\"wp-image-47\"\/><figcaption class=\"blocks-gallery-item__caption\"><a href=\"http:\/\/sitelerpvcdograma.com\/?page_id=238\">Penwood 750<\/a><\/figcaption><\/figure><\/li><\/ul><\/figure>\n","protected":false},"excerpt":{"rendered":"","protected":false},"author":1,"featured_media":0,"parent":0,"menu_order":0,"comment_status":"closed","ping_status":"closed","template":"","meta":[],"yoast_head":"<!-- This site is optimized with the Yoast SEO plugin v18.0 - https:\/\/yoast.com\/wordpress\/plugins\/seo\/ -->\n<title>\u00dcr\u00fcnler - \u00d6zkanlar Grup Pvc<\/title>\n<meta name=\"robots\" content=\"index, follow, max-snippet:-1, max-image-preview:large, max-video-preview:-1\" \/>\n<link rel=\"canonical\" href=\"https:\/\/sitelerpvcdograma.com\/?page_id=30\" \/>\n<meta property=\"og:locale\" content=\"tr_TR\" \/>\n<meta property=\"og:type\" content=\"article\" \/>\n<meta property=\"og:title\" content=\"\u00dcr\u00fcnler - \u00d6zkanlar Grup Pvc\" \/>\n<meta property=\"og:url\" content=\"https:\/\/sitelerpvcdograma.com\/?page_id=30\" \/>\n<meta property=\"og:site_name\" content=\"\u00d6zkanlar Grup Pvc\" \/>\n<meta property=\"article:modified_time\" content=\"2020-07-01T12:05:58+00:00\" \/>\n<meta property=\"og:image\" content=\"http:\/\/sitelerpvcdograma.com\/wp-content\/uploads\/2020\/06\/atlantik750.jpg\" \/>\n<meta name=\"twitter:card\" content=\"summary_large_image\" \/>\n<script type=\"application\/ld+json\" class=\"yoast-schema-graph\">{\"@context\":\"https:\/\/schema.org\",\"@graph\":[{\"@type\":\"WebSite\",\"@id\":\"https:\/\/sitelerpvcdograma.com\/#website\",\"url\":\"https:\/\/sitelerpvcdograma.com\/\",\"name\":\"\u00d6zkanlar Grup Pvc\",\"description\":\"\",\"potentialAction\":[{\"@type\":\"SearchAction\",\"target\":{\"@type\":\"EntryPoint\",\"urlTemplate\":\"https:\/\/sitelerpvcdograma.com\/?s={search_term_string}\"},\"query-input\":\"required name=search_term_string\"}],\"inLanguage\":\"tr\"},{\"@type\":\"ImageObject\",\"@id\":\"https:\/\/sitelerpvcdograma.com\/?page_id=30#primaryimage\",\"inLanguage\":\"tr\",\"url\":\"http:\/\/sitelerpvcdograma.com\/wp-content\/uploads\/2020\/06\/atlantik750.jpg\",\"contentUrl\":\"http:\/\/sitelerpvcdograma.com\/wp-content\/uploads\/2020\/06\/atlantik750.jpg\"},{\"@type\":\"WebPage\",\"@id\":\"https:\/\/sitelerpvcdograma.com\/?page_id=30#webpage\",\"url\":\"https:\/\/sitelerpvcdograma.com\/?page_id=30\",\"name\":\"\u00dcr\u00fcnler - \u00d6zkanlar Grup Pvc\",\"isPartOf\":{\"@id\":\"https:\/\/sitelerpvcdograma.com\/#website\"},\"primaryImageOfPage\":{\"@id\":\"https:\/\/sitelerpvcdograma.com\/?page_id=30#primaryimage\"},\"datePublished\":\"2020-06-19T13:23:12+00:00\",\"dateModified\":\"2020-07-01T12:05:58+00:00\",\"breadcrumb\":{\"@id\":\"https:\/\/sitelerpvcdograma.com\/?page_id=30#breadcrumb\"},\"inLanguage\":\"tr\",\"potentialAction\":[{\"@type\":\"ReadAction\",\"target\":[\"https:\/\/sitelerpvcdograma.com\/?page_id=30\"]}]},{\"@type\":\"BreadcrumbList\",\"@id\":\"https:\/\/sitelerpvcdograma.com\/?page_id=30#breadcrumb\",\"itemListElement\":[{\"@type\":\"ListItem\",\"position\":1,\"name\":\"Ana sayfa\",\"item\":\"https:\/\/sitelerpvcdograma.com\/\"},{\"@type\":\"ListItem\",\"position\":2,\"name\":\"\u00dcr\u00fcnler\"}]}]}<\/script>\n<!-- \/ Yoast SEO plugin. -->","yoast_head_json":{"title":"\u00dcr\u00fcnler - \u00d6zkanlar Grup Pvc","robots":{"index":"index","follow":"follow","max-snippet":"max-snippet:-1","max-image-preview":"max-image-preview:large","max-video-preview":"max-video-preview:-1"},"canonical":"https:\/\/sitelerpvcdograma.com\/?page_id=30","og_locale":"tr_TR","og_type":"article","og_title":"\u00dcr\u00fcnler - \u00d6zkanlar Grup Pvc","og_url":"https:\/\/sitelerpvcdograma.com\/?page_id=30","og_site_name":"\u00d6zkanlar Grup Pvc","article_modified_time":"2020-07-01T12:05:58+00:00","og_image":[{"url":"http:\/\/sitelerpvcdograma.com\/wp-content\/uploads\/2020\/06\/atlantik750.jpg"}],"twitter_card":"summary_large_image","schema":{"@context":"https:\/\/schema.org","@graph":[{"@type":"WebSite","@id":"https:\/\/sitelerpvcdograma.com\/#website","url":"https:\/\/sitelerpvcdograma.com\/","name":"\u00d6zkanlar Grup Pvc","description":"","potentialAction":[{"@type":"SearchAction","target":{"@type":"EntryPoint","urlTemplate":"https:\/\/sitelerpvcdograma.com\/?s={search_term_string}"},"query-input":"required name=search_term_string"}],"inLanguage":"tr"},{"@type":"ImageObject","@id":"https:\/\/sitelerpvcdograma.com\/?page_id=30#primaryimage","inLanguage":"tr","url":"http:\/\/sitelerpvcdograma.com\/wp-content\/uploads\/2020\/06\/atlantik750.jpg","contentUrl":"http:\/\/sitelerpvcdograma.com\/wp-content\/uploads\/2020\/06\/atlantik750.jpg"},{"@type":"WebPage","@id":"https:\/\/sitelerpvcdograma.com\/?page_id=30#webpage","url":"https:\/\/sitelerpvcdograma.com\/?page_id=30","name":"\u00dcr\u00fcnler - \u00d6zkanlar Grup Pvc","isPartOf":{"@id":"https:\/\/sitelerpvcdograma.com\/#website"},"primaryImageOfPage":{"@id":"https:\/\/sitelerpvcdograma.com\/?page_id=30#primaryimage"},"datePublished":"2020-06-19T13:23:12+00:00","dateModified":"2020-07-01T12:05:58+00:00","breadcrumb":{"@id":"https:\/\/sitelerpvcdograma.com\/?page_id=30#breadcrumb"},"inLanguage":"tr","potentialAction":[{"@type":"ReadAction","target":["https:\/\/sitelerpvcdograma.com\/?page_id=30"]}]},{"@type":"BreadcrumbList","@id":"https:\/\/sitelerpvcdograma.com\/?page_id=30#breadcrumb","itemListElement":[{"@type":"ListItem","position":1,"name":"Ana sayfa","item":"https:\/\/sitelerpvcdograma.com\/"},{"@type":"ListItem","position":2,"name":"\u00dcr\u00fcnler"}]}]}},"_links":{"self":[{"href":"https:\/\/sitelerpvcdograma.com\/index.php?rest_route=\/wp\/v2\/pages\/30"}],"collection":[{"href":"https:\/\/sitelerpvcdograma.com\/index.php?rest_route=\/wp\/v2\/pages"}],"about":[{"href":"https:\/\/sitelerpvcdograma.com\/index.php?rest_route=\/wp\/v2\/types\/page"}],"author":[{"embeddable":true,"href":"https:\/\/sitelerpvcdograma.com\/index.php?rest_route=\/wp\/v2\/users\/1"}],"replies":[{"embeddable":true,"href":"https:\/\/sitelerpvcdograma.com\/index.php?rest_route=%2Fwp%2Fv2%2Fcomments&post=30"}],"version-history":[{"count":36,"href":"https:\/\/sitelerpvcdograma.com\/index.php?rest_route=\/wp\/v2\/pages\/30\/revisions"}],"predecessor-version":[{"id":511,"href":"https:\/\/sitelerpvcdograma.com\/index.php?rest_route=\/wp\/v2\/pages\/30\/revisions\/511"}],"wp:attachment":[{"href":"https:\/\/sitelerpvcdograma.com\/index.php?rest_route=%2Fwp%2Fv2%2Fmedia&parent=30"}],"curies":[{"name":"wp","href":"https:\/\/api.w.org\/{rel}","templated":true}]}}