{"id":28,"date":"2020-06-19T13:22:35","date_gmt":"2020-06-19T13:22:35","guid":{"rendered":"http:\/\/sitelerpvcdograma.com\/?page_id=28"},"modified":"2020-06-30T15:58:50","modified_gmt":"2020-06-30T15:58:50","slug":"hakkimizda","status":"publish","type":"page","link":"https:\/\/sitelerpvcdograma.com\/?page_id=28","title":{"rendered":"Hakk\u0131m\u0131zda"},"content":{"rendered":"\n<p>2016 y\u0131l\u0131nda kurulan firmam\u0131z Ankara ba\u015fta olmak \u00fczere t\u00fcm T\u00fcrkiye&#8217;ye PVC cam balkon, panjur, \u00e7at\u0131 kapama, pergole hizmeti vermektedir. \u00dcr\u00fcnlerimiz Adopen markas\u0131 alt\u0131nda olup , sekt\u00f6rde y\u00fcksek kalitede, istikrarl\u0131 ve benzersiz \u00fcr\u00fcnleri, ya\u015fam\u0131n her alan\u0131nda g\u00fcvenle kullan\u0131lmak \u00fczere \u00fcretmeyi ve ADOPEN markas\u0131 alt\u0131nda d\u00fcnyada m\u00fcmk\u00fcn oldu\u011funca \u00e7ok yere hizmet vermeyi hedeflemekteyiz. \u00d6zkanlar Grup PVC ; eviniz, balkonunuz, ofisiniz gibi ya\u015fam alan\u0131 bar\u0131nd\u0131ran her yerde siz de\u011ferli m\u00fc\u015fterilerimize destek vermeyi ama\u00e7lamaktad\u0131r. Kalite, sadece \u00fcr\u00fcnlerimiz i\u00e7in ge\u00e7erli olmay\u0131p siz de\u011ferli m\u00fc\u015fterilerimizin memnuniyeti de bizim g\u00f6z\u00fcm\u00fczde kalite de\u011ferindedir. Adopen ad\u0131 alt\u0131nda \u00fcretim yapan \u00d6zkanlar Grup PVC,  Ankara Siteler&#8217;de olup \u00fcr\u00fcnlerimiz ve \u00e7al\u0131\u015fma alan\u0131m\u0131z\u0131 g\u00f6rmek isteyen m\u00fc\u015fterilerimiz i\u00e7in her daim hizmete haz\u0131rd\u0131r . <\/p>\n\n\n\n<p>\u00d6zkanlar Grup PVC  OLARAK H\u0130ZMET\u0130N\u0130ZDEY\u0130Z.<\/p>\n\n\n\n<p>                                  <\/p>\n\n\n\n<figure class=\"wp-block-image size-large\"><img loading=\"lazy\" width=\"1024\" height=\"768\" src=\"http:\/\/sitelerpvcdograma.com\/wp-content\/uploads\/2020\/06\/5e34ab47-bd4e-4ba1-92f6-b5215657e1d7-1024x768.jpg\" alt=\"\" class=\"wp-image-60\" srcset=\"https:\/\/sitelerpvcdograma.com\/wp-content\/uploads\/2020\/06\/5e34ab47-bd4e-4ba1-92f6-b5215657e1d7-1024x768.jpg 1024w, https:\/\/sitelerpvcdograma.com\/wp-content\/uploads\/2020\/06\/5e34ab47-bd4e-4ba1-92f6-b5215657e1d7-300x225.jpg 300w, https:\/\/sitelerpvcdograma.com\/wp-content\/uploads\/2020\/06\/5e34ab47-bd4e-4ba1-92f6-b5215657e1d7-768x576.jpg 768w, https:\/\/sitelerpvcdograma.com\/wp-content\/uploads\/2020\/06\/5e34ab47-bd4e-4ba1-92f6-b5215657e1d7.jpg 1416w\" sizes=\"(max-width: 1024px) 100vw, 1024px\" \/><\/figure>\n","protected":false},"excerpt":{"rendered":"<p>2016 y\u0131l\u0131nda kurulan firmam\u0131z Ankara ba\u015fta olmak \u00fczere t\u00fcm T\u00fcrkiye&#8217;ye PVC cam balkon, panjur, \u00e7at\u0131 kapama, pergole hizmeti vermektedir. \u00dcr\u00fcnlerimiz Adopen markas\u0131 alt\u0131nda olup , sekt\u00f6rde y\u00fcksek kalitede, istikrarl\u0131 ve benzersiz \u00fcr\u00fcnleri, ya\u015fam\u0131n her alan\u0131nda g\u00fcvenle kullan\u0131lmak \u00fczere \u00fcretmeyi ve ADOPEN markas\u0131 alt\u0131nda d\u00fcnyada m\u00fcmk\u00fcn oldu\u011funca \u00e7ok yere hizmet vermeyi hedeflemekteyiz. \u00d6zkanlar Grup PVC ; [&hellip;]<\/p>\n","protected":false},"author":1,"featured_media":0,"parent":0,"menu_order":0,"comment_status":"closed","ping_status":"closed","template":"","meta":[],"yoast_head":"<!-- This site is optimized with the Yoast SEO plugin v18.0 - https:\/\/yoast.com\/wordpress\/plugins\/seo\/ -->\n<title>Hakk\u0131m\u0131zda - \u00d6zkanlar Grup Pvc<\/title>\n<meta name=\"robots\" content=\"index, follow, max-snippet:-1, max-image-preview:large, max-video-preview:-1\" \/>\n<link rel=\"canonical\" href=\"https:\/\/sitelerpvcdograma.com\/?page_id=28\" \/>\n<meta property=\"og:locale\" content=\"tr_TR\" \/>\n<meta property=\"og:type\" content=\"article\" \/>\n<meta property=\"og:title\" content=\"Hakk\u0131m\u0131zda - \u00d6zkanlar Grup Pvc\" \/>\n<meta property=\"og:description\" content=\"2016 y\u0131l\u0131nda kurulan firmam\u0131z Ankara ba\u015fta olmak \u00fczere t\u00fcm T\u00fcrkiye&#8217;ye PVC cam balkon, panjur, \u00e7at\u0131 kapama, pergole hizmeti vermektedir. \u00dcr\u00fcnlerimiz Adopen markas\u0131 alt\u0131nda olup , sekt\u00f6rde y\u00fcksek kalitede, istikrarl\u0131 ve benzersiz \u00fcr\u00fcnleri, ya\u015fam\u0131n her alan\u0131nda g\u00fcvenle kullan\u0131lmak \u00fczere \u00fcretmeyi ve ADOPEN markas\u0131 alt\u0131nda d\u00fcnyada m\u00fcmk\u00fcn oldu\u011funca \u00e7ok yere hizmet vermeyi hedeflemekteyiz. \u00d6zkanlar Grup PVC ; [&hellip;]\" \/>\n<meta property=\"og:url\" content=\"https:\/\/sitelerpvcdograma.com\/?page_id=28\" \/>\n<meta property=\"og:site_name\" content=\"\u00d6zkanlar Grup Pvc\" \/>\n<meta property=\"article:modified_time\" content=\"2020-06-30T15:58:50+00:00\" \/>\n<meta property=\"og:image\" content=\"http:\/\/sitelerpvcdograma.com\/wp-content\/uploads\/2020\/06\/5e34ab47-bd4e-4ba1-92f6-b5215657e1d7-1024x768.jpg\" \/>\n<meta name=\"twitter:card\" content=\"summary_large_image\" \/>\n<meta name=\"twitter:label1\" content=\"Tahmini okuma s\u00fcresi\" \/>\n\t<meta name=\"twitter:data1\" content=\"1 dakika\" \/>\n<script type=\"application\/ld+json\" class=\"yoast-schema-graph\">{\"@context\":\"https:\/\/schema.org\",\"@graph\":[{\"@type\":\"WebSite\",\"@id\":\"https:\/\/sitelerpvcdograma.com\/#website\",\"url\":\"https:\/\/sitelerpvcdograma.com\/\",\"name\":\"\u00d6zkanlar Grup Pvc\",\"description\":\"\",\"potentialAction\":[{\"@type\":\"SearchAction\",\"target\":{\"@type\":\"EntryPoint\",\"urlTemplate\":\"https:\/\/sitelerpvcdograma.com\/?s={search_term_string}\"},\"query-input\":\"required name=search_term_string\"}],\"inLanguage\":\"tr\"},{\"@type\":\"ImageObject\",\"@id\":\"https:\/\/sitelerpvcdograma.com\/?page_id=28#primaryimage\",\"inLanguage\":\"tr\",\"url\":\"http:\/\/sitelerpvcdograma.com\/wp-content\/uploads\/2020\/06\/5e34ab47-bd4e-4ba1-92f6-b5215657e1d7-1024x768.jpg\",\"contentUrl\":\"http:\/\/sitelerpvcdograma.com\/wp-content\/uploads\/2020\/06\/5e34ab47-bd4e-4ba1-92f6-b5215657e1d7-1024x768.jpg\"},{\"@type\":\"WebPage\",\"@id\":\"https:\/\/sitelerpvcdograma.com\/?page_id=28#webpage\",\"url\":\"https:\/\/sitelerpvcdograma.com\/?page_id=28\",\"name\":\"Hakk\u0131m\u0131zda - \u00d6zkanlar Grup Pvc\",\"isPartOf\":{\"@id\":\"https:\/\/sitelerpvcdograma.com\/#website\"},\"primaryImageOfPage\":{\"@id\":\"https:\/\/sitelerpvcdograma.com\/?page_id=28#primaryimage\"},\"datePublished\":\"2020-06-19T13:22:35+00:00\",\"dateModified\":\"2020-06-30T15:58:50+00:00\",\"breadcrumb\":{\"@id\":\"https:\/\/sitelerpvcdograma.com\/?page_id=28#breadcrumb\"},\"inLanguage\":\"tr\",\"potentialAction\":[{\"@type\":\"ReadAction\",\"target\":[\"https:\/\/sitelerpvcdograma.com\/?page_id=28\"]}]},{\"@type\":\"BreadcrumbList\",\"@id\":\"https:\/\/sitelerpvcdograma.com\/?page_id=28#breadcrumb\",\"itemListElement\":[{\"@type\":\"ListItem\",\"position\":1,\"name\":\"Ana sayfa\",\"item\":\"https:\/\/sitelerpvcdograma.com\/\"},{\"@type\":\"ListItem\",\"position\":2,\"name\":\"Hakk\u0131m\u0131zda\"}]}]}<\/script>\n<!-- \/ Yoast SEO plugin. -->","yoast_head_json":{"title":"Hakk\u0131m\u0131zda - \u00d6zkanlar Grup Pvc","robots":{"index":"index","follow":"follow","max-snippet":"max-snippet:-1","max-image-preview":"max-image-preview:large","max-video-preview":"max-video-preview:-1"},"canonical":"https:\/\/sitelerpvcdograma.com\/?page_id=28","og_locale":"tr_TR","og_type":"article","og_title":"Hakk\u0131m\u0131zda - \u00d6zkanlar Grup Pvc","og_description":"2016 y\u0131l\u0131nda kurulan firmam\u0131z Ankara ba\u015fta olmak \u00fczere t\u00fcm T\u00fcrkiye&#8217;ye PVC cam balkon, panjur, \u00e7at\u0131 kapama, pergole hizmeti vermektedir. \u00dcr\u00fcnlerimiz Adopen markas\u0131 alt\u0131nda olup , sekt\u00f6rde y\u00fcksek kalitede, istikrarl\u0131 ve benzersiz \u00fcr\u00fcnleri, ya\u015fam\u0131n her alan\u0131nda g\u00fcvenle kullan\u0131lmak \u00fczere \u00fcretmeyi ve ADOPEN markas\u0131 alt\u0131nda d\u00fcnyada m\u00fcmk\u00fcn oldu\u011funca \u00e7ok yere hizmet vermeyi hedeflemekteyiz. \u00d6zkanlar Grup PVC ; [&hellip;]","og_url":"https:\/\/sitelerpvcdograma.com\/?page_id=28","og_site_name":"\u00d6zkanlar Grup Pvc","article_modified_time":"2020-06-30T15:58:50+00:00","og_image":[{"url":"http:\/\/sitelerpvcdograma.com\/wp-content\/uploads\/2020\/06\/5e34ab47-bd4e-4ba1-92f6-b5215657e1d7-1024x768.jpg"}],"twitter_card":"summary_large_image","twitter_misc":{"Tahmini okuma s\u00fcresi":"1 dakika"},"schema":{"@context":"https:\/\/schema.org","@graph":[{"@type":"WebSite","@id":"https:\/\/sitelerpvcdograma.com\/#website","url":"https:\/\/sitelerpvcdograma.com\/","name":"\u00d6zkanlar Grup Pvc","description":"","potentialAction":[{"@type":"SearchAction","target":{"@type":"EntryPoint","urlTemplate":"https:\/\/sitelerpvcdograma.com\/?s={search_term_string}"},"query-input":"required name=search_term_string"}],"inLanguage":"tr"},{"@type":"ImageObject","@id":"https:\/\/sitelerpvcdograma.com\/?page_id=28#primaryimage","inLanguage":"tr","url":"http:\/\/sitelerpvcdograma.com\/wp-content\/uploads\/2020\/06\/5e34ab47-bd4e-4ba1-92f6-b5215657e1d7-1024x768.jpg","contentUrl":"http:\/\/sitelerpvcdograma.com\/wp-content\/uploads\/2020\/06\/5e34ab47-bd4e-4ba1-92f6-b5215657e1d7-1024x768.jpg"},{"@type":"WebPage","@id":"https:\/\/sitelerpvcdograma.com\/?page_id=28#webpage","url":"https:\/\/sitelerpvcdograma.com\/?page_id=28","name":"Hakk\u0131m\u0131zda - \u00d6zkanlar Grup Pvc","isPartOf":{"@id":"https:\/\/sitelerpvcdograma.com\/#website"},"primaryImageOfPage":{"@id":"https:\/\/sitelerpvcdograma.com\/?page_id=28#primaryimage"},"datePublished":"2020-06-19T13:22:35+00:00","dateModified":"2020-06-30T15:58:50+00:00","breadcrumb":{"@id":"https:\/\/sitelerpvcdograma.com\/?page_id=28#breadcrumb"},"inLanguage":"tr","potentialAction":[{"@type":"ReadAction","target":["https:\/\/sitelerpvcdograma.com\/?page_id=28"]}]},{"@type":"BreadcrumbList","@id":"https:\/\/sitelerpvcdograma.com\/?page_id=28#breadcrumb","itemListElement":[{"@type":"ListItem","position":1,"name":"Ana sayfa","item":"https:\/\/sitelerpvcdograma.com\/"},{"@type":"ListItem","position":2,"name":"Hakk\u0131m\u0131zda"}]}]}},"_links":{"self":[{"href":"https:\/\/sitelerpvcdograma.com\/index.php?rest_route=\/wp\/v2\/pages\/28"}],"collection":[{"href":"https:\/\/sitelerpvcdograma.com\/index.php?rest_route=\/wp\/v2\/pages"}],"about":[{"href":"https:\/\/sitelerpvcdograma.com\/index.php?rest_route=\/wp\/v2\/types\/page"}],"author":[{"embeddable":true,"href":"https:\/\/sitelerpvcdograma.com\/index.php?rest_route=\/wp\/v2\/users\/1"}],"replies":[{"embeddable":true,"href":"https:\/\/sitelerpvcdograma.com\/index.php?rest_route=%2Fwp%2Fv2%2Fcomments&post=28"}],"version-history":[{"count":6,"href":"https:\/\/sitelerpvcdograma.com\/index.php?rest_route=\/wp\/v2\/pages\/28\/revisions"}],"predecessor-version":[{"id":362,"href":"https:\/\/sitelerpvcdograma.com\/index.php?rest_route=\/wp\/v2\/pages\/28\/revisions\/362"}],"wp:attachment":[{"href":"https:\/\/sitelerpvcdograma.com\/index.php?rest_route=%2Fwp%2Fv2%2Fmedia&parent=28"}],"curies":[{"name":"wp","href":"https:\/\/api.w.org\/{rel}","templated":true}]}}