{"id":235,"date":"2020-06-22T07:46:02","date_gmt":"2020-06-22T07:46:02","guid":{"rendered":"http:\/\/sitelerpvcdograma.com\/?page_id=235"},"modified":"2020-06-22T19:23:11","modified_gmt":"2020-06-22T19:23:11","slug":"adopen-panjur","status":"publish","type":"page","link":"https:\/\/sitelerpvcdograma.com\/?page_id=235","title":{"rendered":"Adopen Panjur"},"content":{"rendered":"<p><a href=\"http:\/\/sitelerpvcdograma.com\/wp-content\/uploads\/2020\/06\/Adopen-Panjur.png\"><img loading=\"lazy\" class=\"size-full wp-image-46\" src=\"http:\/\/sitelerpvcdograma.com\/wp-content\/uploads\/2020\/06\/Adopen-Panjur.png\" alt=\"\" width=\"162\" height=\"229\"><\/a><\/p>\n<p>&#8211; 40 mm profil geni\u015fli\u011fi<br>\n&#8211; Tek kanat, \u00e7ift kanat ve katlan\u0131r kanat uygulamalar\u0131<br>\n&#8211; Ah\u015fap tasar\u0131ml\u0131 lamine uygulamalar.<br>\n&#8211; Pencere \u00e7er\u00e7evesi ve duvarlar\u0131na montaj<br>\n&#8211; Estetik, ekonomik, dayan\u0131kl\u0131<\/p>\n\n\n<figure class=\"wp-block-image size-large\"><img loading=\"lazy\" width=\"746\" height=\"204\" src=\"http:\/\/sitelerpvcdograma.com\/wp-content\/uploads\/2020\/06\/Lamine-se\u00e7enekleri.jpg\" alt=\"\" class=\"wp-image-384\" srcset=\"https:\/\/sitelerpvcdograma.com\/wp-content\/uploads\/2020\/06\/Lamine-se\u00e7enekleri.jpg 746w, https:\/\/sitelerpvcdograma.com\/wp-content\/uploads\/2020\/06\/Lamine-se\u00e7enekleri-300x82.jpg 300w\" sizes=\"(max-width: 746px) 100vw, 746px\" \/><\/figure>\n","protected":false},"excerpt":{"rendered":"<p>&#8211; 40 mm profil geni\u015fli\u011fi &#8211; Tek kanat, \u00e7ift kanat ve katlan\u0131r kanat uygulamalar\u0131 &#8211; Ah\u015fap tasar\u0131ml\u0131 lamine uygulamalar. &#8211; Pencere \u00e7er\u00e7evesi ve duvarlar\u0131na montaj &#8211; Estetik, ekonomik, dayan\u0131kl\u0131<\/p>\n","protected":false},"author":1,"featured_media":0,"parent":0,"menu_order":0,"comment_status":"closed","ping_status":"closed","template":"","meta":[],"yoast_head":"<!-- This site is optimized with the Yoast SEO plugin v18.0 - https:\/\/yoast.com\/wordpress\/plugins\/seo\/ -->\n<title>Adopen Panjur - \u00d6zkanlar Grup Pvc<\/title>\n<meta name=\"robots\" content=\"index, follow, max-snippet:-1, max-image-preview:large, max-video-preview:-1\" \/>\n<link rel=\"canonical\" href=\"https:\/\/sitelerpvcdograma.com\/?page_id=235\" \/>\n<meta property=\"og:locale\" content=\"tr_TR\" \/>\n<meta property=\"og:type\" content=\"article\" \/>\n<meta property=\"og:title\" content=\"Adopen Panjur - \u00d6zkanlar Grup Pvc\" \/>\n<meta property=\"og:description\" content=\"&#8211; 40 mm profil geni\u015fli\u011fi &#8211; Tek kanat, \u00e7ift kanat ve katlan\u0131r kanat uygulamalar\u0131 &#8211; Ah\u015fap tasar\u0131ml\u0131 lamine uygulamalar. &#8211; Pencere \u00e7er\u00e7evesi ve duvarlar\u0131na montaj &#8211; Estetik, ekonomik, dayan\u0131kl\u0131\" \/>\n<meta property=\"og:url\" content=\"https:\/\/sitelerpvcdograma.com\/?page_id=235\" \/>\n<meta property=\"og:site_name\" content=\"\u00d6zkanlar Grup Pvc\" \/>\n<meta property=\"article:modified_time\" content=\"2020-06-22T19:23:11+00:00\" \/>\n<meta property=\"og:image\" content=\"http:\/\/sitelerpvcdograma.com\/wp-content\/uploads\/2020\/06\/Adopen-Panjur.png\" \/>\n<meta name=\"twitter:card\" content=\"summary_large_image\" \/>\n<script type=\"application\/ld+json\" class=\"yoast-schema-graph\">{\"@context\":\"https:\/\/schema.org\",\"@graph\":[{\"@type\":\"WebSite\",\"@id\":\"https:\/\/sitelerpvcdograma.com\/#website\",\"url\":\"https:\/\/sitelerpvcdograma.com\/\",\"name\":\"\u00d6zkanlar Grup Pvc\",\"description\":\"\",\"potentialAction\":[{\"@type\":\"SearchAction\",\"target\":{\"@type\":\"EntryPoint\",\"urlTemplate\":\"https:\/\/sitelerpvcdograma.com\/?s={search_term_string}\"},\"query-input\":\"required name=search_term_string\"}],\"inLanguage\":\"tr\"},{\"@type\":\"ImageObject\",\"@id\":\"https:\/\/sitelerpvcdograma.com\/?page_id=235#primaryimage\",\"inLanguage\":\"tr\",\"url\":\"http:\/\/sitelerpvcdograma.com\/wp-content\/uploads\/2020\/06\/Adopen-Panjur.png\",\"contentUrl\":\"http:\/\/sitelerpvcdograma.com\/wp-content\/uploads\/2020\/06\/Adopen-Panjur.png\"},{\"@type\":\"WebPage\",\"@id\":\"https:\/\/sitelerpvcdograma.com\/?page_id=235#webpage\",\"url\":\"https:\/\/sitelerpvcdograma.com\/?page_id=235\",\"name\":\"Adopen Panjur - \u00d6zkanlar Grup Pvc\",\"isPartOf\":{\"@id\":\"https:\/\/sitelerpvcdograma.com\/#website\"},\"primaryImageOfPage\":{\"@id\":\"https:\/\/sitelerpvcdograma.com\/?page_id=235#primaryimage\"},\"datePublished\":\"2020-06-22T07:46:02+00:00\",\"dateModified\":\"2020-06-22T19:23:11+00:00\",\"breadcrumb\":{\"@id\":\"https:\/\/sitelerpvcdograma.com\/?page_id=235#breadcrumb\"},\"inLanguage\":\"tr\",\"potentialAction\":[{\"@type\":\"ReadAction\",\"target\":[\"https:\/\/sitelerpvcdograma.com\/?page_id=235\"]}]},{\"@type\":\"BreadcrumbList\",\"@id\":\"https:\/\/sitelerpvcdograma.com\/?page_id=235#breadcrumb\",\"itemListElement\":[{\"@type\":\"ListItem\",\"position\":1,\"name\":\"Ana sayfa\",\"item\":\"https:\/\/sitelerpvcdograma.com\/\"},{\"@type\":\"ListItem\",\"position\":2,\"name\":\"Adopen Panjur\"}]}]}<\/script>\n<!-- \/ Yoast SEO plugin. -->","yoast_head_json":{"title":"Adopen Panjur - \u00d6zkanlar Grup Pvc","robots":{"index":"index","follow":"follow","max-snippet":"max-snippet:-1","max-image-preview":"max-image-preview:large","max-video-preview":"max-video-preview:-1"},"canonical":"https:\/\/sitelerpvcdograma.com\/?page_id=235","og_locale":"tr_TR","og_type":"article","og_title":"Adopen Panjur - \u00d6zkanlar Grup Pvc","og_description":"&#8211; 40 mm profil geni\u015fli\u011fi &#8211; Tek kanat, \u00e7ift kanat ve katlan\u0131r kanat uygulamalar\u0131 &#8211; Ah\u015fap tasar\u0131ml\u0131 lamine uygulamalar. &#8211; Pencere \u00e7er\u00e7evesi ve duvarlar\u0131na montaj &#8211; Estetik, ekonomik, dayan\u0131kl\u0131","og_url":"https:\/\/sitelerpvcdograma.com\/?page_id=235","og_site_name":"\u00d6zkanlar Grup Pvc","article_modified_time":"2020-06-22T19:23:11+00:00","og_image":[{"url":"http:\/\/sitelerpvcdograma.com\/wp-content\/uploads\/2020\/06\/Adopen-Panjur.png"}],"twitter_card":"summary_large_image","schema":{"@context":"https:\/\/schema.org","@graph":[{"@type":"WebSite","@id":"https:\/\/sitelerpvcdograma.com\/#website","url":"https:\/\/sitelerpvcdograma.com\/","name":"\u00d6zkanlar Grup Pvc","description":"","potentialAction":[{"@type":"SearchAction","target":{"@type":"EntryPoint","urlTemplate":"https:\/\/sitelerpvcdograma.com\/?s={search_term_string}"},"query-input":"required name=search_term_string"}],"inLanguage":"tr"},{"@type":"ImageObject","@id":"https:\/\/sitelerpvcdograma.com\/?page_id=235#primaryimage","inLanguage":"tr","url":"http:\/\/sitelerpvcdograma.com\/wp-content\/uploads\/2020\/06\/Adopen-Panjur.png","contentUrl":"http:\/\/sitelerpvcdograma.com\/wp-content\/uploads\/2020\/06\/Adopen-Panjur.png"},{"@type":"WebPage","@id":"https:\/\/sitelerpvcdograma.com\/?page_id=235#webpage","url":"https:\/\/sitelerpvcdograma.com\/?page_id=235","name":"Adopen Panjur - \u00d6zkanlar Grup Pvc","isPartOf":{"@id":"https:\/\/sitelerpvcdograma.com\/#website"},"primaryImageOfPage":{"@id":"https:\/\/sitelerpvcdograma.com\/?page_id=235#primaryimage"},"datePublished":"2020-06-22T07:46:02+00:00","dateModified":"2020-06-22T19:23:11+00:00","breadcrumb":{"@id":"https:\/\/sitelerpvcdograma.com\/?page_id=235#breadcrumb"},"inLanguage":"tr","potentialAction":[{"@type":"ReadAction","target":["https:\/\/sitelerpvcdograma.com\/?page_id=235"]}]},{"@type":"BreadcrumbList","@id":"https:\/\/sitelerpvcdograma.com\/?page_id=235#breadcrumb","itemListElement":[{"@type":"ListItem","position":1,"name":"Ana sayfa","item":"https:\/\/sitelerpvcdograma.com\/"},{"@type":"ListItem","position":2,"name":"Adopen Panjur"}]}]}},"_links":{"self":[{"href":"https:\/\/sitelerpvcdograma.com\/index.php?rest_route=\/wp\/v2\/pages\/235"}],"collection":[{"href":"https:\/\/sitelerpvcdograma.com\/index.php?rest_route=\/wp\/v2\/pages"}],"about":[{"href":"https:\/\/sitelerpvcdograma.com\/index.php?rest_route=\/wp\/v2\/types\/page"}],"author":[{"embeddable":true,"href":"https:\/\/sitelerpvcdograma.com\/index.php?rest_route=\/wp\/v2\/users\/1"}],"replies":[{"embeddable":true,"href":"https:\/\/sitelerpvcdograma.com\/index.php?rest_route=%2Fwp%2Fv2%2Fcomments&post=235"}],"version-history":[{"count":10,"href":"https:\/\/sitelerpvcdograma.com\/index.php?rest_route=\/wp\/v2\/pages\/235\/revisions"}],"predecessor-version":[{"id":402,"href":"https:\/\/sitelerpvcdograma.com\/index.php?rest_route=\/wp\/v2\/pages\/235\/revisions\/402"}],"wp:attachment":[{"href":"https:\/\/sitelerpvcdograma.com\/index.php?rest_route=%2Fwp%2Fv2%2Fmedia&parent=235"}],"curies":[{"name":"wp","href":"https:\/\/api.w.org\/{rel}","templated":true}]}}