{"id":232,"date":"2020-06-22T07:45:04","date_gmt":"2020-06-22T07:45:04","guid":{"rendered":"http:\/\/sitelerpvcdograma.com\/?page_id=232"},"modified":"2020-06-22T18:37:33","modified_gmt":"2020-06-22T18:37:33","slug":"adopen-colorado-jaluzi","status":"publish","type":"page","link":"https:\/\/sitelerpvcdograma.com\/?page_id=232","title":{"rendered":"Adopen Colorado Jaluzi"},"content":{"rendered":"<p><a href=\"http:\/\/sitelerpvcdograma.com\/wp-content\/uploads\/2020\/06\/Adopen-Colorado-Jaluzi.png\"><img loading=\"lazy\" class=\"size-full wp-image-45\" src=\"http:\/\/sitelerpvcdograma.com\/wp-content\/uploads\/2020\/06\/Adopen-Colorado-Jaluzi.png\" alt=\"\" width=\"162\" height=\"229\" \/><\/a><\/p>\n<p>\u2013 190 \u00d7 190 mm deklan\u015f\u00f6r kutusu<br \/>\n\u2013 \u00e7ift cidarl\u0131 \u00f6zel panjur kutusu ve sistemi<br \/>\n\u2013 Duvarlar\u0131n i\u00e7 ve d\u0131\u015f k\u0131s\u0131mlar\u0131na ef\u00fczyon olmadan montaj<br \/>\n\u2013 Lamel montaj ve demontaj ve odadaki t\u00fcm bak\u0131m faaliyetleri<br \/>\n\u2013 Motorlu, uzaktan kumandal\u0131 ve manuel sistem uygulamalar\u0131<br \/>\n\u2013 \u0130\u00e7 kapa\u011fa monte edilmi\u015f \u00f6zel bir aparat vas\u0131tas\u0131yla kanat openinsiz havaland\u0131rma<br \/>\n\u2013 37 mm \u015feritlerle, kutu dahil u 2650 mm\u2019ye kadar lamel yuvarlanma imkan\u0131<br \/>\n\u2013 Estetik, ekonomik, dayan\u0131kl\u0131<\/p>\n","protected":false},"excerpt":{"rendered":"<p>\u2013 190 \u00d7 190 mm deklan\u015f\u00f6r kutusu \u2013 \u00e7ift cidarl\u0131 \u00f6zel panjur kutusu ve sistemi \u2013 Duvarlar\u0131n i\u00e7 ve d\u0131\u015f k\u0131s\u0131mlar\u0131na ef\u00fczyon olmadan montaj \u2013 Lamel montaj ve demontaj ve odadaki t\u00fcm bak\u0131m faaliyetleri \u2013 Motorlu, uzaktan kumandal\u0131 ve manuel sistem uygulamalar\u0131 \u2013 \u0130\u00e7 kapa\u011fa monte edilmi\u015f \u00f6zel bir aparat vas\u0131tas\u0131yla kanat openinsiz havaland\u0131rma \u2013 [&hellip;]<\/p>\n","protected":false},"author":1,"featured_media":0,"parent":0,"menu_order":0,"comment_status":"closed","ping_status":"closed","template":"","meta":[],"yoast_head":"<!-- This site is optimized with the Yoast SEO plugin v18.0 - https:\/\/yoast.com\/wordpress\/plugins\/seo\/ -->\n<title>Adopen Colorado Jaluzi - \u00d6zkanlar Grup Pvc<\/title>\n<meta name=\"robots\" content=\"index, follow, max-snippet:-1, max-image-preview:large, max-video-preview:-1\" \/>\n<link rel=\"canonical\" href=\"https:\/\/sitelerpvcdograma.com\/?page_id=232\" \/>\n<meta property=\"og:locale\" content=\"tr_TR\" \/>\n<meta property=\"og:type\" content=\"article\" \/>\n<meta property=\"og:title\" content=\"Adopen Colorado Jaluzi - \u00d6zkanlar Grup Pvc\" \/>\n<meta property=\"og:description\" content=\"\u2013 190 \u00d7 190 mm deklan\u015f\u00f6r kutusu \u2013 \u00e7ift cidarl\u0131 \u00f6zel panjur kutusu ve sistemi \u2013 Duvarlar\u0131n i\u00e7 ve d\u0131\u015f k\u0131s\u0131mlar\u0131na ef\u00fczyon olmadan montaj \u2013 Lamel montaj ve demontaj ve odadaki t\u00fcm bak\u0131m faaliyetleri \u2013 Motorlu, uzaktan kumandal\u0131 ve manuel sistem uygulamalar\u0131 \u2013 \u0130\u00e7 kapa\u011fa monte edilmi\u015f \u00f6zel bir aparat vas\u0131tas\u0131yla kanat openinsiz havaland\u0131rma \u2013 [&hellip;]\" \/>\n<meta property=\"og:url\" content=\"https:\/\/sitelerpvcdograma.com\/?page_id=232\" \/>\n<meta property=\"og:site_name\" content=\"\u00d6zkanlar Grup Pvc\" \/>\n<meta property=\"article:modified_time\" content=\"2020-06-22T18:37:33+00:00\" \/>\n<meta property=\"og:image\" content=\"http:\/\/sitelerpvcdograma.com\/wp-content\/uploads\/2020\/06\/Adopen-Colorado-Jaluzi.png\" \/>\n<meta name=\"twitter:card\" content=\"summary_large_image\" \/>\n<script type=\"application\/ld+json\" class=\"yoast-schema-graph\">{\"@context\":\"https:\/\/schema.org\",\"@graph\":[{\"@type\":\"WebSite\",\"@id\":\"https:\/\/sitelerpvcdograma.com\/#website\",\"url\":\"https:\/\/sitelerpvcdograma.com\/\",\"name\":\"\u00d6zkanlar Grup Pvc\",\"description\":\"\",\"potentialAction\":[{\"@type\":\"SearchAction\",\"target\":{\"@type\":\"EntryPoint\",\"urlTemplate\":\"https:\/\/sitelerpvcdograma.com\/?s={search_term_string}\"},\"query-input\":\"required name=search_term_string\"}],\"inLanguage\":\"tr\"},{\"@type\":\"ImageObject\",\"@id\":\"https:\/\/sitelerpvcdograma.com\/?page_id=232#primaryimage\",\"inLanguage\":\"tr\",\"url\":\"http:\/\/sitelerpvcdograma.com\/wp-content\/uploads\/2020\/06\/Adopen-Colorado-Jaluzi.png\",\"contentUrl\":\"http:\/\/sitelerpvcdograma.com\/wp-content\/uploads\/2020\/06\/Adopen-Colorado-Jaluzi.png\"},{\"@type\":\"WebPage\",\"@id\":\"https:\/\/sitelerpvcdograma.com\/?page_id=232#webpage\",\"url\":\"https:\/\/sitelerpvcdograma.com\/?page_id=232\",\"name\":\"Adopen Colorado Jaluzi - \u00d6zkanlar Grup Pvc\",\"isPartOf\":{\"@id\":\"https:\/\/sitelerpvcdograma.com\/#website\"},\"primaryImageOfPage\":{\"@id\":\"https:\/\/sitelerpvcdograma.com\/?page_id=232#primaryimage\"},\"datePublished\":\"2020-06-22T07:45:04+00:00\",\"dateModified\":\"2020-06-22T18:37:33+00:00\",\"breadcrumb\":{\"@id\":\"https:\/\/sitelerpvcdograma.com\/?page_id=232#breadcrumb\"},\"inLanguage\":\"tr\",\"potentialAction\":[{\"@type\":\"ReadAction\",\"target\":[\"https:\/\/sitelerpvcdograma.com\/?page_id=232\"]}]},{\"@type\":\"BreadcrumbList\",\"@id\":\"https:\/\/sitelerpvcdograma.com\/?page_id=232#breadcrumb\",\"itemListElement\":[{\"@type\":\"ListItem\",\"position\":1,\"name\":\"Ana sayfa\",\"item\":\"https:\/\/sitelerpvcdograma.com\/\"},{\"@type\":\"ListItem\",\"position\":2,\"name\":\"Adopen Colorado Jaluzi\"}]}]}<\/script>\n<!-- \/ Yoast SEO plugin. -->","yoast_head_json":{"title":"Adopen Colorado Jaluzi - \u00d6zkanlar Grup Pvc","robots":{"index":"index","follow":"follow","max-snippet":"max-snippet:-1","max-image-preview":"max-image-preview:large","max-video-preview":"max-video-preview:-1"},"canonical":"https:\/\/sitelerpvcdograma.com\/?page_id=232","og_locale":"tr_TR","og_type":"article","og_title":"Adopen Colorado Jaluzi - \u00d6zkanlar Grup Pvc","og_description":"\u2013 190 \u00d7 190 mm deklan\u015f\u00f6r kutusu \u2013 \u00e7ift cidarl\u0131 \u00f6zel panjur kutusu ve sistemi \u2013 Duvarlar\u0131n i\u00e7 ve d\u0131\u015f k\u0131s\u0131mlar\u0131na ef\u00fczyon olmadan montaj \u2013 Lamel montaj ve demontaj ve odadaki t\u00fcm bak\u0131m faaliyetleri \u2013 Motorlu, uzaktan kumandal\u0131 ve manuel sistem uygulamalar\u0131 \u2013 \u0130\u00e7 kapa\u011fa monte edilmi\u015f \u00f6zel bir aparat vas\u0131tas\u0131yla kanat openinsiz havaland\u0131rma \u2013 [&hellip;]","og_url":"https:\/\/sitelerpvcdograma.com\/?page_id=232","og_site_name":"\u00d6zkanlar Grup Pvc","article_modified_time":"2020-06-22T18:37:33+00:00","og_image":[{"url":"http:\/\/sitelerpvcdograma.com\/wp-content\/uploads\/2020\/06\/Adopen-Colorado-Jaluzi.png"}],"twitter_card":"summary_large_image","schema":{"@context":"https:\/\/schema.org","@graph":[{"@type":"WebSite","@id":"https:\/\/sitelerpvcdograma.com\/#website","url":"https:\/\/sitelerpvcdograma.com\/","name":"\u00d6zkanlar Grup Pvc","description":"","potentialAction":[{"@type":"SearchAction","target":{"@type":"EntryPoint","urlTemplate":"https:\/\/sitelerpvcdograma.com\/?s={search_term_string}"},"query-input":"required name=search_term_string"}],"inLanguage":"tr"},{"@type":"ImageObject","@id":"https:\/\/sitelerpvcdograma.com\/?page_id=232#primaryimage","inLanguage":"tr","url":"http:\/\/sitelerpvcdograma.com\/wp-content\/uploads\/2020\/06\/Adopen-Colorado-Jaluzi.png","contentUrl":"http:\/\/sitelerpvcdograma.com\/wp-content\/uploads\/2020\/06\/Adopen-Colorado-Jaluzi.png"},{"@type":"WebPage","@id":"https:\/\/sitelerpvcdograma.com\/?page_id=232#webpage","url":"https:\/\/sitelerpvcdograma.com\/?page_id=232","name":"Adopen Colorado Jaluzi - \u00d6zkanlar Grup Pvc","isPartOf":{"@id":"https:\/\/sitelerpvcdograma.com\/#website"},"primaryImageOfPage":{"@id":"https:\/\/sitelerpvcdograma.com\/?page_id=232#primaryimage"},"datePublished":"2020-06-22T07:45:04+00:00","dateModified":"2020-06-22T18:37:33+00:00","breadcrumb":{"@id":"https:\/\/sitelerpvcdograma.com\/?page_id=232#breadcrumb"},"inLanguage":"tr","potentialAction":[{"@type":"ReadAction","target":["https:\/\/sitelerpvcdograma.com\/?page_id=232"]}]},{"@type":"BreadcrumbList","@id":"https:\/\/sitelerpvcdograma.com\/?page_id=232#breadcrumb","itemListElement":[{"@type":"ListItem","position":1,"name":"Ana sayfa","item":"https:\/\/sitelerpvcdograma.com\/"},{"@type":"ListItem","position":2,"name":"Adopen Colorado Jaluzi"}]}]}},"_links":{"self":[{"href":"https:\/\/sitelerpvcdograma.com\/index.php?rest_route=\/wp\/v2\/pages\/232"}],"collection":[{"href":"https:\/\/sitelerpvcdograma.com\/index.php?rest_route=\/wp\/v2\/pages"}],"about":[{"href":"https:\/\/sitelerpvcdograma.com\/index.php?rest_route=\/wp\/v2\/types\/page"}],"author":[{"embeddable":true,"href":"https:\/\/sitelerpvcdograma.com\/index.php?rest_route=\/wp\/v2\/users\/1"}],"replies":[{"embeddable":true,"href":"https:\/\/sitelerpvcdograma.com\/index.php?rest_route=%2Fwp%2Fv2%2Fcomments&post=232"}],"version-history":[{"count":3,"href":"https:\/\/sitelerpvcdograma.com\/index.php?rest_route=\/wp\/v2\/pages\/232\/revisions"}],"predecessor-version":[{"id":366,"href":"https:\/\/sitelerpvcdograma.com\/index.php?rest_route=\/wp\/v2\/pages\/232\/revisions\/366"}],"wp:attachment":[{"href":"https:\/\/sitelerpvcdograma.com\/index.php?rest_route=%2Fwp%2Fv2%2Fmedia&parent=232"}],"curies":[{"name":"wp","href":"https:\/\/api.w.org\/{rel}","templated":true}]}}