{"id":214,"date":"2020-06-22T07:39:12","date_gmt":"2020-06-22T07:39:12","guid":{"rendered":"http:\/\/sitelerpvcdograma.com\/?page_id=214"},"modified":"2020-07-01T11:45:32","modified_gmt":"2020-07-01T11:45:32","slug":"pasifik-800","status":"publish","type":"page","link":"https:\/\/sitelerpvcdograma.com\/?page_id=214","title":{"rendered":"Pasifik 800"},"content":{"rendered":"<p><a href=\"http:\/\/sitelerpvcdograma.com\/wp-content\/uploads\/2020\/06\/Pasifik-800.png\"><img loading=\"lazy\" class=\"size-full wp-image-39\" src=\"http:\/\/sitelerpvcdograma.com\/wp-content\/uploads\/2020\/06\/Pasifik-800.png\" alt=\"\" width=\"162\" height=\"229\" \/><\/a><\/p>\n<p>&#8211; 80mm profil geni\u015fli\u011fi<br \/>&#8211; 6 odac\u0131kl\u0131 sistem sayesinde m\u00fckemmel \u0131s\u0131, ses ve su izolasyonu<br \/>&#8211; T\u00fcm hava ko\u015fullar\u0131na dayan\u0131kl\u0131l\u0131k<br \/>&#8211; Kendinden destekli profiller (CRP) ve TPV gri s\u0131zd\u0131rmaz profiller sayesinde h\u0131zl\u0131 \u00fcretim ve d\u00fc\u015f\u00fck stok maliyetleri<br \/>&#8211; Farkl\u0131 kal\u0131nl\u0131klarda gri s\u0131zd\u0131rmaz cam \u00e7\u0131talarla yal\u0131t\u0131m cam\u0131 (24-32-42 mm) uygulanmas\u0131<br \/>&#8211; kademeli su tahliye sistemi<br \/>&#8211; Gerekli t\u00fcm boyutlarda do\u011frama \u00fcretimi<br \/>&#8211; Tek a\u00e7\u0131l\u0131m, yat\u0131rma ve d\u00f6nd\u00fcrme sistemi ve \u00e7ift kanat a\u00e7ma uygulamalar\u0131<br \/>&#8211; Panjurlu (motorlu, uzaktan kumandal\u0131 veya manuel) ve panjursuz uygulama<br \/>&#8211; Ah\u015fap tasar\u0131ml\u0131 lamine uygulamalar<br \/>&#8211; Ulusal ve uluslararas\u0131 de\u011ferlendirme kurumlar\u0131 taraf\u0131ndan onaylanm\u0131\u015f kalite<\/p>\n\n\n<figure class=\"wp-block-image size-large\"><img loading=\"lazy\" width=\"746\" height=\"204\" src=\"http:\/\/sitelerpvcdograma.com\/wp-content\/uploads\/2020\/06\/Lamine-se\u00e7enekleri.jpg\" alt=\"\" class=\"wp-image-384\" srcset=\"https:\/\/sitelerpvcdograma.com\/wp-content\/uploads\/2020\/06\/Lamine-se\u00e7enekleri.jpg 746w, https:\/\/sitelerpvcdograma.com\/wp-content\/uploads\/2020\/06\/Lamine-se\u00e7enekleri-300x82.jpg 300w\" sizes=\"(max-width: 746px) 100vw, 746px\" \/><\/figure>\n","protected":false},"excerpt":{"rendered":"<p>&#8211; 80mm profil geni\u015fli\u011fi&#8211; 6 odac\u0131kl\u0131 sistem sayesinde m\u00fckemmel \u0131s\u0131, ses ve su izolasyonu&#8211; T\u00fcm hava ko\u015fullar\u0131na dayan\u0131kl\u0131l\u0131k&#8211; Kendinden destekli profiller (CRP) ve TPV gri s\u0131zd\u0131rmaz profiller sayesinde h\u0131zl\u0131 \u00fcretim ve d\u00fc\u015f\u00fck stok maliyetleri&#8211; Farkl\u0131 kal\u0131nl\u0131klarda gri s\u0131zd\u0131rmaz cam \u00e7\u0131talarla yal\u0131t\u0131m cam\u0131 (24-32-42 mm) uygulanmas\u0131&#8211; kademeli su tahliye sistemi&#8211; Gerekli t\u00fcm boyutlarda do\u011frama \u00fcretimi&#8211; Tek [&hellip;]<\/p>\n","protected":false},"author":1,"featured_media":0,"parent":0,"menu_order":0,"comment_status":"closed","ping_status":"closed","template":"","meta":[],"yoast_head":"<!-- This site is optimized with the Yoast SEO plugin v18.0 - https:\/\/yoast.com\/wordpress\/plugins\/seo\/ -->\n<title>Pasifik 800 - \u00d6zkanlar Grup Pvc<\/title>\n<meta name=\"robots\" content=\"index, follow, max-snippet:-1, max-image-preview:large, max-video-preview:-1\" \/>\n<link rel=\"canonical\" href=\"https:\/\/sitelerpvcdograma.com\/?page_id=214\" \/>\n<meta property=\"og:locale\" content=\"tr_TR\" \/>\n<meta property=\"og:type\" content=\"article\" \/>\n<meta property=\"og:title\" content=\"Pasifik 800 - \u00d6zkanlar Grup Pvc\" \/>\n<meta property=\"og:description\" content=\"&#8211; 80mm profil geni\u015fli\u011fi&#8211; 6 odac\u0131kl\u0131 sistem sayesinde m\u00fckemmel \u0131s\u0131, ses ve su izolasyonu&#8211; T\u00fcm hava ko\u015fullar\u0131na dayan\u0131kl\u0131l\u0131k&#8211; Kendinden destekli profiller (CRP) ve TPV gri s\u0131zd\u0131rmaz profiller sayesinde h\u0131zl\u0131 \u00fcretim ve d\u00fc\u015f\u00fck stok maliyetleri&#8211; Farkl\u0131 kal\u0131nl\u0131klarda gri s\u0131zd\u0131rmaz cam \u00e7\u0131talarla yal\u0131t\u0131m cam\u0131 (24-32-42 mm) uygulanmas\u0131&#8211; kademeli su tahliye sistemi&#8211; Gerekli t\u00fcm boyutlarda do\u011frama \u00fcretimi&#8211; Tek [&hellip;]\" \/>\n<meta property=\"og:url\" content=\"https:\/\/sitelerpvcdograma.com\/?page_id=214\" \/>\n<meta property=\"og:site_name\" content=\"\u00d6zkanlar Grup Pvc\" \/>\n<meta property=\"article:modified_time\" content=\"2020-07-01T11:45:32+00:00\" \/>\n<meta property=\"og:image\" content=\"http:\/\/sitelerpvcdograma.com\/wp-content\/uploads\/2020\/06\/Pasifik-800.png\" \/>\n<meta name=\"twitter:card\" content=\"summary_large_image\" \/>\n<meta name=\"twitter:label1\" content=\"Tahmini okuma s\u00fcresi\" \/>\n\t<meta name=\"twitter:data1\" content=\"1 dakika\" \/>\n<script type=\"application\/ld+json\" class=\"yoast-schema-graph\">{\"@context\":\"https:\/\/schema.org\",\"@graph\":[{\"@type\":\"WebSite\",\"@id\":\"https:\/\/sitelerpvcdograma.com\/#website\",\"url\":\"https:\/\/sitelerpvcdograma.com\/\",\"name\":\"\u00d6zkanlar Grup Pvc\",\"description\":\"\",\"potentialAction\":[{\"@type\":\"SearchAction\",\"target\":{\"@type\":\"EntryPoint\",\"urlTemplate\":\"https:\/\/sitelerpvcdograma.com\/?s={search_term_string}\"},\"query-input\":\"required name=search_term_string\"}],\"inLanguage\":\"tr\"},{\"@type\":\"ImageObject\",\"@id\":\"https:\/\/sitelerpvcdograma.com\/?page_id=214#primaryimage\",\"inLanguage\":\"tr\",\"url\":\"http:\/\/sitelerpvcdograma.com\/wp-content\/uploads\/2020\/06\/Pasifik-800.png\",\"contentUrl\":\"http:\/\/sitelerpvcdograma.com\/wp-content\/uploads\/2020\/06\/Pasifik-800.png\"},{\"@type\":\"WebPage\",\"@id\":\"https:\/\/sitelerpvcdograma.com\/?page_id=214#webpage\",\"url\":\"https:\/\/sitelerpvcdograma.com\/?page_id=214\",\"name\":\"Pasifik 800 - \u00d6zkanlar Grup Pvc\",\"isPartOf\":{\"@id\":\"https:\/\/sitelerpvcdograma.com\/#website\"},\"primaryImageOfPage\":{\"@id\":\"https:\/\/sitelerpvcdograma.com\/?page_id=214#primaryimage\"},\"datePublished\":\"2020-06-22T07:39:12+00:00\",\"dateModified\":\"2020-07-01T11:45:32+00:00\",\"breadcrumb\":{\"@id\":\"https:\/\/sitelerpvcdograma.com\/?page_id=214#breadcrumb\"},\"inLanguage\":\"tr\",\"potentialAction\":[{\"@type\":\"ReadAction\",\"target\":[\"https:\/\/sitelerpvcdograma.com\/?page_id=214\"]}]},{\"@type\":\"BreadcrumbList\",\"@id\":\"https:\/\/sitelerpvcdograma.com\/?page_id=214#breadcrumb\",\"itemListElement\":[{\"@type\":\"ListItem\",\"position\":1,\"name\":\"Ana sayfa\",\"item\":\"https:\/\/sitelerpvcdograma.com\/\"},{\"@type\":\"ListItem\",\"position\":2,\"name\":\"Pasifik 800\"}]}]}<\/script>\n<!-- \/ Yoast SEO plugin. -->","yoast_head_json":{"title":"Pasifik 800 - \u00d6zkanlar Grup Pvc","robots":{"index":"index","follow":"follow","max-snippet":"max-snippet:-1","max-image-preview":"max-image-preview:large","max-video-preview":"max-video-preview:-1"},"canonical":"https:\/\/sitelerpvcdograma.com\/?page_id=214","og_locale":"tr_TR","og_type":"article","og_title":"Pasifik 800 - \u00d6zkanlar Grup Pvc","og_description":"&#8211; 80mm profil geni\u015fli\u011fi&#8211; 6 odac\u0131kl\u0131 sistem sayesinde m\u00fckemmel \u0131s\u0131, ses ve su izolasyonu&#8211; T\u00fcm hava ko\u015fullar\u0131na dayan\u0131kl\u0131l\u0131k&#8211; Kendinden destekli profiller (CRP) ve TPV gri s\u0131zd\u0131rmaz profiller sayesinde h\u0131zl\u0131 \u00fcretim ve d\u00fc\u015f\u00fck stok maliyetleri&#8211; Farkl\u0131 kal\u0131nl\u0131klarda gri s\u0131zd\u0131rmaz cam \u00e7\u0131talarla yal\u0131t\u0131m cam\u0131 (24-32-42 mm) uygulanmas\u0131&#8211; kademeli su tahliye sistemi&#8211; Gerekli t\u00fcm boyutlarda do\u011frama \u00fcretimi&#8211; Tek [&hellip;]","og_url":"https:\/\/sitelerpvcdograma.com\/?page_id=214","og_site_name":"\u00d6zkanlar Grup Pvc","article_modified_time":"2020-07-01T11:45:32+00:00","og_image":[{"url":"http:\/\/sitelerpvcdograma.com\/wp-content\/uploads\/2020\/06\/Pasifik-800.png"}],"twitter_card":"summary_large_image","twitter_misc":{"Tahmini okuma s\u00fcresi":"1 dakika"},"schema":{"@context":"https:\/\/schema.org","@graph":[{"@type":"WebSite","@id":"https:\/\/sitelerpvcdograma.com\/#website","url":"https:\/\/sitelerpvcdograma.com\/","name":"\u00d6zkanlar Grup Pvc","description":"","potentialAction":[{"@type":"SearchAction","target":{"@type":"EntryPoint","urlTemplate":"https:\/\/sitelerpvcdograma.com\/?s={search_term_string}"},"query-input":"required name=search_term_string"}],"inLanguage":"tr"},{"@type":"ImageObject","@id":"https:\/\/sitelerpvcdograma.com\/?page_id=214#primaryimage","inLanguage":"tr","url":"http:\/\/sitelerpvcdograma.com\/wp-content\/uploads\/2020\/06\/Pasifik-800.png","contentUrl":"http:\/\/sitelerpvcdograma.com\/wp-content\/uploads\/2020\/06\/Pasifik-800.png"},{"@type":"WebPage","@id":"https:\/\/sitelerpvcdograma.com\/?page_id=214#webpage","url":"https:\/\/sitelerpvcdograma.com\/?page_id=214","name":"Pasifik 800 - \u00d6zkanlar Grup Pvc","isPartOf":{"@id":"https:\/\/sitelerpvcdograma.com\/#website"},"primaryImageOfPage":{"@id":"https:\/\/sitelerpvcdograma.com\/?page_id=214#primaryimage"},"datePublished":"2020-06-22T07:39:12+00:00","dateModified":"2020-07-01T11:45:32+00:00","breadcrumb":{"@id":"https:\/\/sitelerpvcdograma.com\/?page_id=214#breadcrumb"},"inLanguage":"tr","potentialAction":[{"@type":"ReadAction","target":["https:\/\/sitelerpvcdograma.com\/?page_id=214"]}]},{"@type":"BreadcrumbList","@id":"https:\/\/sitelerpvcdograma.com\/?page_id=214#breadcrumb","itemListElement":[{"@type":"ListItem","position":1,"name":"Ana sayfa","item":"https:\/\/sitelerpvcdograma.com\/"},{"@type":"ListItem","position":2,"name":"Pasifik 800"}]}]}},"_links":{"self":[{"href":"https:\/\/sitelerpvcdograma.com\/index.php?rest_route=\/wp\/v2\/pages\/214"}],"collection":[{"href":"https:\/\/sitelerpvcdograma.com\/index.php?rest_route=\/wp\/v2\/pages"}],"about":[{"href":"https:\/\/sitelerpvcdograma.com\/index.php?rest_route=\/wp\/v2\/types\/page"}],"author":[{"embeddable":true,"href":"https:\/\/sitelerpvcdograma.com\/index.php?rest_route=\/wp\/v2\/users\/1"}],"replies":[{"embeddable":true,"href":"https:\/\/sitelerpvcdograma.com\/index.php?rest_route=%2Fwp%2Fv2%2Fcomments&post=214"}],"version-history":[{"count":4,"href":"https:\/\/sitelerpvcdograma.com\/index.php?rest_route=\/wp\/v2\/pages\/214\/revisions"}],"predecessor-version":[{"id":406,"href":"https:\/\/sitelerpvcdograma.com\/index.php?rest_route=\/wp\/v2\/pages\/214\/revisions\/406"}],"wp:attachment":[{"href":"https:\/\/sitelerpvcdograma.com\/index.php?rest_route=%2Fwp%2Fv2%2Fmedia&parent=214"}],"curies":[{"name":"wp","href":"https:\/\/api.w.org\/{rel}","templated":true}]}}