{"id":202,"date":"2020-06-22T07:33:33","date_gmt":"2020-06-22T07:33:33","guid":{"rendered":"http:\/\/sitelerpvcdograma.com\/?page_id=202"},"modified":"2020-06-22T19:17:12","modified_gmt":"2020-06-22T19:17:12","slug":"atlantik790","status":"publish","type":"page","link":"https:\/\/sitelerpvcdograma.com\/?page_id=202","title":{"rendered":"Atlantik790"},"content":{"rendered":"<p><a href=\"http:\/\/sitelerpvcdograma.com\/wp-content\/uploads\/2020\/06\/Atlantik790.jpg\"><img loading=\"lazy\" class=\"size-full wp-image-37\" src=\"http:\/\/sitelerpvcdograma.com\/wp-content\/uploads\/2020\/06\/Atlantik790.jpg\" alt=\"\" width=\"162\" height=\"229\"><\/a><\/p>\n<p>&#8211; 5 odal\u0131 110 mm profil<br>\n&#8211; 3 mm et kal\u0131nl\u0131\u011f\u0131<br>\n&#8211; \u00c7ift conta<br>\n&#8211; Farkl\u0131 su tahliye kanal\u0131<br>\n&#8211; 4,6 mm tek cam \u00e7\u0131tas\u0131 ve 20,24,30,32 mm \u00e7ift cam \u00e7\u0131tas\u0131 kullan\u0131m\u0131.<br>\n&#8211; Sivrisinek ekran\u0131 uygulanabilir<br>\n&#8211; Ekstr\u00fcde veya lamine renk aral\u0131\u011f\u0131<br>\n&#8211; Farkl\u0131 kanat a\u00e7ma se\u00e7enekleri<br>\n&#8211; 45&#8217;te kesilmi\u015f cam boncuk<br>\n&#8211; P\u00fcr\u00fczs\u00fcz ve Parlak profil y\u00fczeyi<br>\n&#8211; Ke\u00e7eli veya ke\u00e7esiz \u00fcretim imkan\u0131<br>\n-Kalitesi uluslararas\u0131 sertifika taraf\u0131ndan akredite edilmi\u015ftir<br>\n&#8211; Zengin yard\u0131mc\u0131 profil se\u00e7enekleri<br>\n&#8211; T\u00fcm iklim ko\u015fullar\u0131na dayan\u0131kl\u0131<\/p>\n\n\n<figure class=\"wp-block-image size-large\"><img loading=\"lazy\" width=\"746\" height=\"204\" src=\"http:\/\/sitelerpvcdograma.com\/wp-content\/uploads\/2020\/06\/Lamine-se\u00e7enekleri.jpg\" alt=\"\" class=\"wp-image-384\" srcset=\"https:\/\/sitelerpvcdograma.com\/wp-content\/uploads\/2020\/06\/Lamine-se\u00e7enekleri.jpg 746w, https:\/\/sitelerpvcdograma.com\/wp-content\/uploads\/2020\/06\/Lamine-se\u00e7enekleri-300x82.jpg 300w\" sizes=\"(max-width: 746px) 100vw, 746px\" \/><\/figure>\n","protected":false},"excerpt":{"rendered":"<p>&#8211; 5 odal\u0131 110 mm profil &#8211; 3 mm et kal\u0131nl\u0131\u011f\u0131 &#8211; \u00c7ift conta &#8211; Farkl\u0131 su tahliye kanal\u0131 &#8211; 4,6 mm tek cam \u00e7\u0131tas\u0131 ve 20,24,30,32 mm \u00e7ift cam \u00e7\u0131tas\u0131 kullan\u0131m\u0131. &#8211; Sivrisinek ekran\u0131 uygulanabilir &#8211; Ekstr\u00fcde veya lamine renk aral\u0131\u011f\u0131 &#8211; Farkl\u0131 kanat a\u00e7ma se\u00e7enekleri &#8211; 45&#8217;te kesilmi\u015f cam boncuk &#8211; P\u00fcr\u00fczs\u00fcz ve [&hellip;]<\/p>\n","protected":false},"author":1,"featured_media":0,"parent":0,"menu_order":0,"comment_status":"closed","ping_status":"closed","template":"","meta":[],"yoast_head":"<!-- This site is optimized with the Yoast SEO plugin v18.0 - https:\/\/yoast.com\/wordpress\/plugins\/seo\/ -->\n<title>Atlantik790 - \u00d6zkanlar Grup Pvc<\/title>\n<meta name=\"robots\" content=\"index, follow, max-snippet:-1, max-image-preview:large, max-video-preview:-1\" \/>\n<link rel=\"canonical\" href=\"https:\/\/sitelerpvcdograma.com\/?page_id=202\" \/>\n<meta property=\"og:locale\" content=\"tr_TR\" \/>\n<meta property=\"og:type\" content=\"article\" \/>\n<meta property=\"og:title\" content=\"Atlantik790 - \u00d6zkanlar Grup Pvc\" \/>\n<meta property=\"og:description\" content=\"&#8211; 5 odal\u0131 110 mm profil &#8211; 3 mm et kal\u0131nl\u0131\u011f\u0131 &#8211; \u00c7ift conta &#8211; Farkl\u0131 su tahliye kanal\u0131 &#8211; 4,6 mm tek cam \u00e7\u0131tas\u0131 ve 20,24,30,32 mm \u00e7ift cam \u00e7\u0131tas\u0131 kullan\u0131m\u0131. &#8211; Sivrisinek ekran\u0131 uygulanabilir &#8211; Ekstr\u00fcde veya lamine renk aral\u0131\u011f\u0131 &#8211; Farkl\u0131 kanat a\u00e7ma se\u00e7enekleri &#8211; 45&#8217;te kesilmi\u015f cam boncuk &#8211; P\u00fcr\u00fczs\u00fcz ve [&hellip;]\" \/>\n<meta property=\"og:url\" content=\"https:\/\/sitelerpvcdograma.com\/?page_id=202\" \/>\n<meta property=\"og:site_name\" content=\"\u00d6zkanlar Grup Pvc\" \/>\n<meta property=\"article:modified_time\" content=\"2020-06-22T19:17:12+00:00\" \/>\n<meta property=\"og:image\" content=\"http:\/\/sitelerpvcdograma.com\/wp-content\/uploads\/2020\/06\/Atlantik790.jpg\" \/>\n<meta name=\"twitter:card\" content=\"summary_large_image\" \/>\n<script type=\"application\/ld+json\" class=\"yoast-schema-graph\">{\"@context\":\"https:\/\/schema.org\",\"@graph\":[{\"@type\":\"WebSite\",\"@id\":\"https:\/\/sitelerpvcdograma.com\/#website\",\"url\":\"https:\/\/sitelerpvcdograma.com\/\",\"name\":\"\u00d6zkanlar Grup Pvc\",\"description\":\"\",\"potentialAction\":[{\"@type\":\"SearchAction\",\"target\":{\"@type\":\"EntryPoint\",\"urlTemplate\":\"https:\/\/sitelerpvcdograma.com\/?s={search_term_string}\"},\"query-input\":\"required name=search_term_string\"}],\"inLanguage\":\"tr\"},{\"@type\":\"ImageObject\",\"@id\":\"https:\/\/sitelerpvcdograma.com\/?page_id=202#primaryimage\",\"inLanguage\":\"tr\",\"url\":\"http:\/\/sitelerpvcdograma.com\/wp-content\/uploads\/2020\/06\/Atlantik790.jpg\",\"contentUrl\":\"http:\/\/sitelerpvcdograma.com\/wp-content\/uploads\/2020\/06\/Atlantik790.jpg\"},{\"@type\":\"WebPage\",\"@id\":\"https:\/\/sitelerpvcdograma.com\/?page_id=202#webpage\",\"url\":\"https:\/\/sitelerpvcdograma.com\/?page_id=202\",\"name\":\"Atlantik790 - \u00d6zkanlar Grup Pvc\",\"isPartOf\":{\"@id\":\"https:\/\/sitelerpvcdograma.com\/#website\"},\"primaryImageOfPage\":{\"@id\":\"https:\/\/sitelerpvcdograma.com\/?page_id=202#primaryimage\"},\"datePublished\":\"2020-06-22T07:33:33+00:00\",\"dateModified\":\"2020-06-22T19:17:12+00:00\",\"breadcrumb\":{\"@id\":\"https:\/\/sitelerpvcdograma.com\/?page_id=202#breadcrumb\"},\"inLanguage\":\"tr\",\"potentialAction\":[{\"@type\":\"ReadAction\",\"target\":[\"https:\/\/sitelerpvcdograma.com\/?page_id=202\"]}]},{\"@type\":\"BreadcrumbList\",\"@id\":\"https:\/\/sitelerpvcdograma.com\/?page_id=202#breadcrumb\",\"itemListElement\":[{\"@type\":\"ListItem\",\"position\":1,\"name\":\"Ana sayfa\",\"item\":\"https:\/\/sitelerpvcdograma.com\/\"},{\"@type\":\"ListItem\",\"position\":2,\"name\":\"Atlantik790\"}]}]}<\/script>\n<!-- \/ Yoast SEO plugin. -->","yoast_head_json":{"title":"Atlantik790 - \u00d6zkanlar Grup Pvc","robots":{"index":"index","follow":"follow","max-snippet":"max-snippet:-1","max-image-preview":"max-image-preview:large","max-video-preview":"max-video-preview:-1"},"canonical":"https:\/\/sitelerpvcdograma.com\/?page_id=202","og_locale":"tr_TR","og_type":"article","og_title":"Atlantik790 - \u00d6zkanlar Grup Pvc","og_description":"&#8211; 5 odal\u0131 110 mm profil &#8211; 3 mm et kal\u0131nl\u0131\u011f\u0131 &#8211; \u00c7ift conta &#8211; Farkl\u0131 su tahliye kanal\u0131 &#8211; 4,6 mm tek cam \u00e7\u0131tas\u0131 ve 20,24,30,32 mm \u00e7ift cam \u00e7\u0131tas\u0131 kullan\u0131m\u0131. &#8211; Sivrisinek ekran\u0131 uygulanabilir &#8211; Ekstr\u00fcde veya lamine renk aral\u0131\u011f\u0131 &#8211; Farkl\u0131 kanat a\u00e7ma se\u00e7enekleri &#8211; 45&#8217;te kesilmi\u015f cam boncuk &#8211; P\u00fcr\u00fczs\u00fcz ve [&hellip;]","og_url":"https:\/\/sitelerpvcdograma.com\/?page_id=202","og_site_name":"\u00d6zkanlar Grup Pvc","article_modified_time":"2020-06-22T19:17:12+00:00","og_image":[{"url":"http:\/\/sitelerpvcdograma.com\/wp-content\/uploads\/2020\/06\/Atlantik790.jpg"}],"twitter_card":"summary_large_image","schema":{"@context":"https:\/\/schema.org","@graph":[{"@type":"WebSite","@id":"https:\/\/sitelerpvcdograma.com\/#website","url":"https:\/\/sitelerpvcdograma.com\/","name":"\u00d6zkanlar Grup Pvc","description":"","potentialAction":[{"@type":"SearchAction","target":{"@type":"EntryPoint","urlTemplate":"https:\/\/sitelerpvcdograma.com\/?s={search_term_string}"},"query-input":"required name=search_term_string"}],"inLanguage":"tr"},{"@type":"ImageObject","@id":"https:\/\/sitelerpvcdograma.com\/?page_id=202#primaryimage","inLanguage":"tr","url":"http:\/\/sitelerpvcdograma.com\/wp-content\/uploads\/2020\/06\/Atlantik790.jpg","contentUrl":"http:\/\/sitelerpvcdograma.com\/wp-content\/uploads\/2020\/06\/Atlantik790.jpg"},{"@type":"WebPage","@id":"https:\/\/sitelerpvcdograma.com\/?page_id=202#webpage","url":"https:\/\/sitelerpvcdograma.com\/?page_id=202","name":"Atlantik790 - \u00d6zkanlar Grup Pvc","isPartOf":{"@id":"https:\/\/sitelerpvcdograma.com\/#website"},"primaryImageOfPage":{"@id":"https:\/\/sitelerpvcdograma.com\/?page_id=202#primaryimage"},"datePublished":"2020-06-22T07:33:33+00:00","dateModified":"2020-06-22T19:17:12+00:00","breadcrumb":{"@id":"https:\/\/sitelerpvcdograma.com\/?page_id=202#breadcrumb"},"inLanguage":"tr","potentialAction":[{"@type":"ReadAction","target":["https:\/\/sitelerpvcdograma.com\/?page_id=202"]}]},{"@type":"BreadcrumbList","@id":"https:\/\/sitelerpvcdograma.com\/?page_id=202#breadcrumb","itemListElement":[{"@type":"ListItem","position":1,"name":"Ana sayfa","item":"https:\/\/sitelerpvcdograma.com\/"},{"@type":"ListItem","position":2,"name":"Atlantik790"}]}]}},"_links":{"self":[{"href":"https:\/\/sitelerpvcdograma.com\/index.php?rest_route=\/wp\/v2\/pages\/202"}],"collection":[{"href":"https:\/\/sitelerpvcdograma.com\/index.php?rest_route=\/wp\/v2\/pages"}],"about":[{"href":"https:\/\/sitelerpvcdograma.com\/index.php?rest_route=\/wp\/v2\/types\/page"}],"author":[{"embeddable":true,"href":"https:\/\/sitelerpvcdograma.com\/index.php?rest_route=\/wp\/v2\/users\/1"}],"replies":[{"embeddable":true,"href":"https:\/\/sitelerpvcdograma.com\/index.php?rest_route=%2Fwp%2Fv2%2Fcomments&post=202"}],"version-history":[{"count":3,"href":"https:\/\/sitelerpvcdograma.com\/index.php?rest_route=\/wp\/v2\/pages\/202\/revisions"}],"predecessor-version":[{"id":393,"href":"https:\/\/sitelerpvcdograma.com\/index.php?rest_route=\/wp\/v2\/pages\/202\/revisions\/393"}],"wp:attachment":[{"href":"https:\/\/sitelerpvcdograma.com\/index.php?rest_route=%2Fwp%2Fv2%2Fmedia&parent=202"}],"curies":[{"name":"wp","href":"https:\/\/api.w.org\/{rel}","templated":true}]}}