{"id":195,"date":"2020-06-22T07:24:29","date_gmt":"2020-06-22T07:24:29","guid":{"rendered":"http:\/\/sitelerpvcdograma.com\/?page_id=195"},"modified":"2020-06-22T19:16:08","modified_gmt":"2020-06-22T19:16:08","slug":"atlantik-colorado-750","status":"publish","type":"page","link":"https:\/\/sitelerpvcdograma.com\/?page_id=195","title":{"rendered":"Atlantik Colorado 750"},"content":{"rendered":"<p><a href=\"http:\/\/sitelerpvcdograma.com\/?page_id=195\"><img loading=\"lazy\" class=\"alignnone wp-image-34 size-full\" src=\"http:\/\/sitelerpvcdograma.com\/wp-content\/uploads\/2020\/06\/Atlantik-Colorado-750.png\" alt=\"\" width=\"162\" height=\"229\"><\/a><\/p>\n<p>70 mm profil geni\u015fli\u011fine sahip Atlantik Colorado 750, \u00f6zel olarak dizayn edilmi\u015f 5 odac\u0131kl\u0131 sistem sayesinde m\u00fckemmel \u0131s\u0131, ses ve su izolasyonu sa\u011fl\u0131yor.T\u00fcm hava ko\u015fullar\u0131na uygun olan Atlantik Colorado 750, Kendinden destekli profiller (CRP) ve TPV gri s\u0131zd\u0131rmaz profiller sayesinde h\u0131zl\u0131 \u00fcretim ve d\u00fc\u015f\u00fck stok maliyet hizmeti sunuyor. Farkl\u0131 kal\u0131nl\u0131klarda gri s\u0131zd\u0131rmaz cam \u00e7\u0131talar\u0131 ile tek s\u0131r (4-6mm) ve yal\u0131t\u0131m cam\u0131n\u0131n (20-24-32 mm) uygulanabiliyor olmas\u0131.Ofset tip kanatl\u0131 estetik bir g\u00f6r\u00fcn\u00fcme sahip olan Atlantik Colorado 750 maun, koyu me\u015fe, alt\u0131n me\u015fe, k\u0131rm\u0131z\u0131 lam. , gri ve krem renk se\u00e7enekleri ile kar\u015f\u0131n\u0131za \u00e7\u0131k\u0131yor. Kademeli su tahliye sistemini g\u00f6ren herkesi \u015fa\u015f\u0131rt\u0131yor. Gerekli t\u00fcm boyutlarda do\u011frama \u00fcretimi yap\u0131l\u0131rken, tek a\u00e7\u0131l\u0131m, yat\u0131rma ve d\u00f6nd\u00fcrme sistemi ve \u00e7ift kanat a\u00e7ma \u00f6zellikleri&nbsp; ile her evde kullan\u0131labilecek bir hale b\u00fcr\u00fcn\u00fcyor. \u0130ster panjurlu (motorlu, uzaktan kumandal\u0131 veya manuel) ister panjursuz uygulamay\u0131 kendi zevkinize g\u00f6re se\u00e7ebilirsiniz. Atlantik Colorado ayn\u0131 zamanda ah\u015fap tasar\u0131ml\u0131 lamine uygulamalara da sahip. Ulusal ve uluslararas\u0131 de\u011ferlendirme kurumlar\u0131 taraf\u0131ndan onaylanm\u0131\u015f kalite ile Atlantik Colorado 750 sizleri bekliyor.<\/p>\n\n\n<figure class=\"wp-block-image size-large\"><img loading=\"lazy\" width=\"746\" height=\"204\" src=\"http:\/\/sitelerpvcdograma.com\/wp-content\/uploads\/2020\/06\/Lamine-se\u00e7enekleri.jpg\" alt=\"\" class=\"wp-image-384\" srcset=\"https:\/\/sitelerpvcdograma.com\/wp-content\/uploads\/2020\/06\/Lamine-se\u00e7enekleri.jpg 746w, https:\/\/sitelerpvcdograma.com\/wp-content\/uploads\/2020\/06\/Lamine-se\u00e7enekleri-300x82.jpg 300w\" sizes=\"(max-width: 746px) 100vw, 746px\" \/><\/figure>\n","protected":false},"excerpt":{"rendered":"<p>70 mm profil geni\u015fli\u011fine sahip Atlantik Colorado 750, \u00f6zel olarak dizayn edilmi\u015f 5 odac\u0131kl\u0131 sistem sayesinde m\u00fckemmel \u0131s\u0131, ses ve su izolasyonu sa\u011fl\u0131yor.T\u00fcm hava ko\u015fullar\u0131na uygun olan Atlantik Colorado 750, Kendinden destekli profiller (CRP) ve TPV gri s\u0131zd\u0131rmaz profiller sayesinde h\u0131zl\u0131 \u00fcretim ve d\u00fc\u015f\u00fck stok maliyet hizmeti sunuyor. Farkl\u0131 kal\u0131nl\u0131klarda gri s\u0131zd\u0131rmaz cam \u00e7\u0131talar\u0131 ile [&hellip;]<\/p>\n","protected":false},"author":1,"featured_media":34,"parent":0,"menu_order":0,"comment_status":"closed","ping_status":"closed","template":"","meta":[],"yoast_head":"<!-- This site is optimized with the Yoast SEO plugin v18.0 - https:\/\/yoast.com\/wordpress\/plugins\/seo\/ -->\n<title>Atlantik Colorado 750 - \u00d6zkanlar Grup Pvc<\/title>\n<meta name=\"robots\" content=\"index, follow, max-snippet:-1, max-image-preview:large, max-video-preview:-1\" \/>\n<link rel=\"canonical\" href=\"https:\/\/sitelerpvcdograma.com\/?page_id=195\" \/>\n<meta property=\"og:locale\" content=\"tr_TR\" \/>\n<meta property=\"og:type\" content=\"article\" \/>\n<meta property=\"og:title\" content=\"Atlantik Colorado 750 - \u00d6zkanlar Grup Pvc\" \/>\n<meta property=\"og:description\" content=\"70 mm profil geni\u015fli\u011fine sahip Atlantik Colorado 750, \u00f6zel olarak dizayn edilmi\u015f 5 odac\u0131kl\u0131 sistem sayesinde m\u00fckemmel \u0131s\u0131, ses ve su izolasyonu sa\u011fl\u0131yor.T\u00fcm hava ko\u015fullar\u0131na uygun olan Atlantik Colorado 750, Kendinden destekli profiller (CRP) ve TPV gri s\u0131zd\u0131rmaz profiller sayesinde h\u0131zl\u0131 \u00fcretim ve d\u00fc\u015f\u00fck stok maliyet hizmeti sunuyor. Farkl\u0131 kal\u0131nl\u0131klarda gri s\u0131zd\u0131rmaz cam \u00e7\u0131talar\u0131 ile [&hellip;]\" \/>\n<meta property=\"og:url\" content=\"https:\/\/sitelerpvcdograma.com\/?page_id=195\" \/>\n<meta property=\"og:site_name\" content=\"\u00d6zkanlar Grup Pvc\" \/>\n<meta property=\"article:modified_time\" content=\"2020-06-22T19:16:08+00:00\" \/>\n<meta property=\"og:image\" content=\"http:\/\/sitelerpvcdograma.com\/wp-content\/uploads\/2020\/06\/Atlantik-Colorado-750.png\" \/>\n\t<meta property=\"og:image:width\" content=\"162\" \/>\n\t<meta property=\"og:image:height\" content=\"229\" \/>\n\t<meta property=\"og:image:type\" content=\"image\/png\" \/>\n<meta name=\"twitter:card\" content=\"summary_large_image\" \/>\n<meta name=\"twitter:label1\" content=\"Tahmini okuma s\u00fcresi\" \/>\n\t<meta name=\"twitter:data1\" content=\"1 dakika\" \/>\n<script type=\"application\/ld+json\" class=\"yoast-schema-graph\">{\"@context\":\"https:\/\/schema.org\",\"@graph\":[{\"@type\":\"WebSite\",\"@id\":\"https:\/\/sitelerpvcdograma.com\/#website\",\"url\":\"https:\/\/sitelerpvcdograma.com\/\",\"name\":\"\u00d6zkanlar Grup Pvc\",\"description\":\"\",\"potentialAction\":[{\"@type\":\"SearchAction\",\"target\":{\"@type\":\"EntryPoint\",\"urlTemplate\":\"https:\/\/sitelerpvcdograma.com\/?s={search_term_string}\"},\"query-input\":\"required name=search_term_string\"}],\"inLanguage\":\"tr\"},{\"@type\":\"ImageObject\",\"@id\":\"https:\/\/sitelerpvcdograma.com\/?page_id=195#primaryimage\",\"inLanguage\":\"tr\",\"url\":\"https:\/\/sitelerpvcdograma.com\/wp-content\/uploads\/2020\/06\/Atlantik-Colorado-750.png\",\"contentUrl\":\"https:\/\/sitelerpvcdograma.com\/wp-content\/uploads\/2020\/06\/Atlantik-Colorado-750.png\",\"width\":162,\"height\":229,\"caption\":\"Atlantik Colorado 750\"},{\"@type\":\"WebPage\",\"@id\":\"https:\/\/sitelerpvcdograma.com\/?page_id=195#webpage\",\"url\":\"https:\/\/sitelerpvcdograma.com\/?page_id=195\",\"name\":\"Atlantik Colorado 750 - \u00d6zkanlar Grup Pvc\",\"isPartOf\":{\"@id\":\"https:\/\/sitelerpvcdograma.com\/#website\"},\"primaryImageOfPage\":{\"@id\":\"https:\/\/sitelerpvcdograma.com\/?page_id=195#primaryimage\"},\"datePublished\":\"2020-06-22T07:24:29+00:00\",\"dateModified\":\"2020-06-22T19:16:08+00:00\",\"breadcrumb\":{\"@id\":\"https:\/\/sitelerpvcdograma.com\/?page_id=195#breadcrumb\"},\"inLanguage\":\"tr\",\"potentialAction\":[{\"@type\":\"ReadAction\",\"target\":[\"https:\/\/sitelerpvcdograma.com\/?page_id=195\"]}]},{\"@type\":\"BreadcrumbList\",\"@id\":\"https:\/\/sitelerpvcdograma.com\/?page_id=195#breadcrumb\",\"itemListElement\":[{\"@type\":\"ListItem\",\"position\":1,\"name\":\"Ana sayfa\",\"item\":\"https:\/\/sitelerpvcdograma.com\/\"},{\"@type\":\"ListItem\",\"position\":2,\"name\":\"Atlantik Colorado 750\"}]}]}<\/script>\n<!-- \/ Yoast SEO plugin. -->","yoast_head_json":{"title":"Atlantik Colorado 750 - \u00d6zkanlar Grup Pvc","robots":{"index":"index","follow":"follow","max-snippet":"max-snippet:-1","max-image-preview":"max-image-preview:large","max-video-preview":"max-video-preview:-1"},"canonical":"https:\/\/sitelerpvcdograma.com\/?page_id=195","og_locale":"tr_TR","og_type":"article","og_title":"Atlantik Colorado 750 - \u00d6zkanlar Grup Pvc","og_description":"70 mm profil geni\u015fli\u011fine sahip Atlantik Colorado 750, \u00f6zel olarak dizayn edilmi\u015f 5 odac\u0131kl\u0131 sistem sayesinde m\u00fckemmel \u0131s\u0131, ses ve su izolasyonu sa\u011fl\u0131yor.T\u00fcm hava ko\u015fullar\u0131na uygun olan Atlantik Colorado 750, Kendinden destekli profiller (CRP) ve TPV gri s\u0131zd\u0131rmaz profiller sayesinde h\u0131zl\u0131 \u00fcretim ve d\u00fc\u015f\u00fck stok maliyet hizmeti sunuyor. Farkl\u0131 kal\u0131nl\u0131klarda gri s\u0131zd\u0131rmaz cam \u00e7\u0131talar\u0131 ile [&hellip;]","og_url":"https:\/\/sitelerpvcdograma.com\/?page_id=195","og_site_name":"\u00d6zkanlar Grup Pvc","article_modified_time":"2020-06-22T19:16:08+00:00","og_image":[{"width":162,"height":229,"url":"http:\/\/sitelerpvcdograma.com\/wp-content\/uploads\/2020\/06\/Atlantik-Colorado-750.png","type":"image\/png"}],"twitter_card":"summary_large_image","twitter_misc":{"Tahmini okuma s\u00fcresi":"1 dakika"},"schema":{"@context":"https:\/\/schema.org","@graph":[{"@type":"WebSite","@id":"https:\/\/sitelerpvcdograma.com\/#website","url":"https:\/\/sitelerpvcdograma.com\/","name":"\u00d6zkanlar Grup Pvc","description":"","potentialAction":[{"@type":"SearchAction","target":{"@type":"EntryPoint","urlTemplate":"https:\/\/sitelerpvcdograma.com\/?s={search_term_string}"},"query-input":"required name=search_term_string"}],"inLanguage":"tr"},{"@type":"ImageObject","@id":"https:\/\/sitelerpvcdograma.com\/?page_id=195#primaryimage","inLanguage":"tr","url":"https:\/\/sitelerpvcdograma.com\/wp-content\/uploads\/2020\/06\/Atlantik-Colorado-750.png","contentUrl":"https:\/\/sitelerpvcdograma.com\/wp-content\/uploads\/2020\/06\/Atlantik-Colorado-750.png","width":162,"height":229,"caption":"Atlantik Colorado 750"},{"@type":"WebPage","@id":"https:\/\/sitelerpvcdograma.com\/?page_id=195#webpage","url":"https:\/\/sitelerpvcdograma.com\/?page_id=195","name":"Atlantik Colorado 750 - \u00d6zkanlar Grup Pvc","isPartOf":{"@id":"https:\/\/sitelerpvcdograma.com\/#website"},"primaryImageOfPage":{"@id":"https:\/\/sitelerpvcdograma.com\/?page_id=195#primaryimage"},"datePublished":"2020-06-22T07:24:29+00:00","dateModified":"2020-06-22T19:16:08+00:00","breadcrumb":{"@id":"https:\/\/sitelerpvcdograma.com\/?page_id=195#breadcrumb"},"inLanguage":"tr","potentialAction":[{"@type":"ReadAction","target":["https:\/\/sitelerpvcdograma.com\/?page_id=195"]}]},{"@type":"BreadcrumbList","@id":"https:\/\/sitelerpvcdograma.com\/?page_id=195#breadcrumb","itemListElement":[{"@type":"ListItem","position":1,"name":"Ana sayfa","item":"https:\/\/sitelerpvcdograma.com\/"},{"@type":"ListItem","position":2,"name":"Atlantik Colorado 750"}]}]}},"_links":{"self":[{"href":"https:\/\/sitelerpvcdograma.com\/index.php?rest_route=\/wp\/v2\/pages\/195"}],"collection":[{"href":"https:\/\/sitelerpvcdograma.com\/index.php?rest_route=\/wp\/v2\/pages"}],"about":[{"href":"https:\/\/sitelerpvcdograma.com\/index.php?rest_route=\/wp\/v2\/types\/page"}],"author":[{"embeddable":true,"href":"https:\/\/sitelerpvcdograma.com\/index.php?rest_route=\/wp\/v2\/users\/1"}],"replies":[{"embeddable":true,"href":"https:\/\/sitelerpvcdograma.com\/index.php?rest_route=%2Fwp%2Fv2%2Fcomments&post=195"}],"version-history":[{"count":6,"href":"https:\/\/sitelerpvcdograma.com\/index.php?rest_route=\/wp\/v2\/pages\/195\/revisions"}],"predecessor-version":[{"id":392,"href":"https:\/\/sitelerpvcdograma.com\/index.php?rest_route=\/wp\/v2\/pages\/195\/revisions\/392"}],"wp:featuredmedia":[{"embeddable":true,"href":"https:\/\/sitelerpvcdograma.com\/index.php?rest_route=\/wp\/v2\/media\/34"}],"wp:attachment":[{"href":"https:\/\/sitelerpvcdograma.com\/index.php?rest_route=%2Fwp%2Fv2%2Fmedia&parent=195"}],"curies":[{"name":"wp","href":"https:\/\/api.w.org\/{rel}","templated":true}]}}